{"id":5466,"date":"2022-04-13T09:34:02","date_gmt":"2022-04-13T09:34:02","guid":{"rendered":"http:\/\/www.campingzarautz.com\/politica-de-cookies\/"},"modified":"2024-05-13T17:51:44","modified_gmt":"2024-05-13T17:51:44","slug":"politique-de-cookies","status":"publish","type":"page","link":"https:\/\/www.grancampingzarautz.com\/fr\/politique-de-cookies\/","title":{"rendered":"Politique de cookies"},"content":{"rendered":"\t\t<div data-elementor-type=\"wp-page\" data-elementor-id=\"5466\" class=\"elementor elementor-5466 elementor-3725\" data-elementor-post-type=\"page\">\n\t\t\t\t<div class=\"elementor-element elementor-element-169bde42 e-con-full e-flex e-con e-parent\" data-id=\"169bde42\" data-element_type=\"container\" data-settings=\"{&quot;background_background&quot;:&quot;classic&quot;}\">\n\t\t\t\t<div class=\"elementor-element elementor-element-3fca8c3 elementor-widget elementor-widget-heading\" data-id=\"3fca8c3\" data-element_type=\"widget\" data-widget_type=\"heading.default\">\n\t\t\t\t<div class=\"elementor-widget-container\">\n\t\t\t<style>\/*! elementor - v3.23.0 - 15-07-2024 *\/\n.elementor-heading-title{padding:0;margin:0;line-height:1}.elementor-widget-heading .elementor-heading-title[class*=elementor-size-]>a{color:inherit;font-size:inherit;line-height:inherit}.elementor-widget-heading .elementor-heading-title.elementor-size-small{font-size:15px}.elementor-widget-heading .elementor-heading-title.elementor-size-medium{font-size:19px}.elementor-widget-heading .elementor-heading-title.elementor-size-large{font-size:29px}.elementor-widget-heading .elementor-heading-title.elementor-size-xl{font-size:39px}.elementor-widget-heading .elementor-heading-title.elementor-size-xxl{font-size:59px}<\/style><h2 class=\"elementor-heading-title elementor-size-default\">Politique de cookies<\/h2>\t\t<\/div>\n\t\t\t\t<\/div>\n\t\t\t\t<\/div>\n\t\t<div class=\"elementor-element elementor-element-60f4e4f e-flex e-con-boxed e-con e-parent\" data-id=\"60f4e4f\" data-element_type=\"container\">\n\t\t\t\t\t<div class=\"e-con-inner\">\n\t\t\t\t<div class=\"elementor-element elementor-element-7bf38c75 elementor-widget elementor-widget-text-editor\" data-id=\"7bf38c75\" data-element_type=\"widget\" data-widget_type=\"text-editor.default\">\n\t\t\t\t<div class=\"elementor-widget-container\">\n\t\t\t<style>\/*! elementor - v3.23.0 - 15-07-2024 *\/\n.elementor-widget-text-editor.elementor-drop-cap-view-stacked .elementor-drop-cap{background-color:#69727d;color:#fff}.elementor-widget-text-editor.elementor-drop-cap-view-framed .elementor-drop-cap{color:#69727d;border:3px solid;background-color:transparent}.elementor-widget-text-editor:not(.elementor-drop-cap-view-default) .elementor-drop-cap{margin-top:8px}.elementor-widget-text-editor:not(.elementor-drop-cap-view-default) .elementor-drop-cap-letter{width:1em;height:1em}.elementor-widget-text-editor .elementor-drop-cap{float:left;text-align:center;line-height:1;font-size:50px}.elementor-widget-text-editor .elementor-drop-cap-letter{display:inline-block}<\/style>\t\t\t\t<p>La instalaci\u00f3n de cookies en el navegador requiere de su consentimiento expreso a no ser que las cookies sean:<\/p><ul><li>Necesarias para facilitar la navegaci\u00f3n y\/o la aplicaci\u00f3n de medidas de seguridad para garantizar la confidencialidad, integridad y disponibilidad de la informaci\u00f3n.<\/li><li>Imprescindibles para prestarle el servicio expresamente solicitado por Usted.<\/li><\/ul><p><strong>Respecto al resto de cookies que utilizamos en nuestra web, en el supuesto de que Usted preste su consentimiento aceptando el aviso legal emergente que informa sobre nuestra pol\u00edtica de cookies, podremos utilizarlas con las finalidades indicadas a la presente pol\u00edtica.<\/strong><\/p><h2>\u00bfQu\u00e9 es una cookie?<\/h2><p>Una cookie es un peque\u00f1o archivo de texto que se descarga y almacena en el terminal del usuario (Pc\/smartphone\/tablet\/etc) cuando accede a una p\u00e1gina web. Existen distintos tipos de cookies y sus finalidades pueden ser muy diversas. Por ejemplo, las cookies pueden ser utilizadas para recordar el idioma seleccionado, personalizar la web, recordar su inicio de sesi\u00f3n, recordar elementos de un pedido, utilizaci\u00f3n de elementos de seguridad, compartir contenidos en las redes sociales, recordar el tipo de navegador del usuario para mejorar la eficiencia, geolocalizaci\u00f3n, an\u00e1lisis de visitas y comportamiento en la web, ofrecer publicidad personalizada, as\u00ed como para realizar un seguimiento de sus movimientos en la web y elaborar perfiles de uso.<\/p><h2>\u00bfQu\u00e9 tipos de cookies existen?<\/h2><p>En l\u00edneas generales puede decirse que existen dos tipos de cookies:<strong>\u00a0las cookies de sesi\u00f3n y las cookies permanentes<\/strong>. Las cookies de sesi\u00f3n se crean de forma temporal, de forma que una vez abandonada la web, la cookie de sesi\u00f3n es eliminada autom\u00e1ticamente. Las cookies permanentes siguen almacenadas en su dispositivo y se vuelven a activar cuando visitas otra vez la p\u00e1gina espec\u00edfica que las cre\u00f3. Una cookie permanente sigue en la subcarpeta del navegador durante el tiempo que se ha establecido como per\u00edodo de duraci\u00f3n del archivo.<\/p><p>Las cookies tambi\u00e9n pueden ser\u00a0<strong>propias o de terceros<\/strong>. Las cookies propias han sido creadas por nosotros y disponemos del control respecto a su utilizaci\u00f3n y anulaci\u00f3n. Las cookies de terceros son creadas por entidades que nos proveen servicios, tales como analizar el tr\u00e1fico en nuestra web, visualizar videos de terceros o conectar con redes sociales etc. Sobre estas cookies y las pol\u00edticas de privacidad de sus creadores, le informamos que no podemos disponer de ning\u00fan control. A continuaci\u00f3n, dispone de un cuadro descriptivo que recoge las cookies utilizadas en nuestro espacio web. Si tiene alguna duda al respecto de estas cookies le recomendamos se dirija al fabricante siguiendo los enlaces indicados (sin perjuicio de su derecho a desactivar las cookies que estime oportunas)<\/p><h2>\u00bfQui\u00e9n puede tener acceso a las cookies?<\/h2><p>\u00danicamente puede acceder a las cookies la entidad o empresa que las ha creado.<\/p><h2>\u00bfQu\u00e9 informaci\u00f3n puede recoger una cookie?<\/h2><p>La informaci\u00f3n que puede recopilar una cookie puede ser muy diversa, a titulo ilustrativo pero no limitativo, las cookies pueden recoger:<\/p><ul><li>IP del usuario.<\/li><li>Web de procedencia.<\/li><li>T\u00e9rmino utilizado en los buscadores para acceder a la web.<\/li><li>Lugares de la web visitados.<\/li><li>Productos escogidos.<\/li><li>Contenido de formularios de registro o pedido.<\/li><li>Id de sesi\u00f3n.<\/li><li>Informaci\u00f3n sobre su explorador y dispositivo, sistema operativo, velocidad de conexi\u00f3n y configuraci\u00f3n de visualizaci\u00f3n.<\/li><\/ul><h2>\u00bfQu\u00e9 cookies se utilizan en esta web?<\/h2><p>Este sitio web utiliza las cookies que se detallan en el cuadro siguiente:<\/p><ul><li><strong>Cookies necesarias:<\/strong>\u00a0son imprescindibles para la prestaci\u00f3n de los servicios solicitados por el usuario. Si se desactivan estas cookies, no podr\u00e1 recibir correctamente nuestros contenidos y servicios.<\/li><li><strong>Cookies anal\u00edticas:<\/strong>\u00a0Utilizamos estas cookies para mejorar la calidad de nuestros servicios analizando el comportamiento de los usuarios en nuestra web. Para ello utilizamos cookies de terceros. Si desactiva estas cookies podr\u00e1 continuar recibiendo nuestros servicios, sin embargo, nos limitar\u00e1 el conocimiento de la actividad de nuestros clientes para la mejora de nuestros servicios.<\/li><\/ul><p>Cookies utilizadas en nuestra web:<\/p><h2>\u00bfC\u00f3mo puedo desactivar las cookies?<\/h2><p>El usuario puede seleccionar las cookies operativas u optar por su desactivaci\u00f3n procediendo de la siguiente manera:<\/p><ul><li>Mediante la configuraci\u00f3n del navegador:<ul><li><strong>Chrome<\/strong>, desde\u00a0<a href=\"http:\/\/support.google.com\/chrome\/bin\/answer.py?hl=es&amp;answer=95647\" rel=\"nofollow\">http:\/\/support.google.com\/chrome\/bin\/answer.py?hl=es&amp;answer=95647<\/a><\/li><li><strong>Explorer<\/strong>, desde\u00a0<a href=\"https:\/\/support.microsoft.com\/es-es\/help\/17442\/windows-internet-explorer-delete-manage-cookies\" rel=\"nofollow\">https:\/\/support.microsoft.com\/es-es\/help\/17442\/windows-internet-explorer-delete-manage-cookies<\/a><\/li><li><strong>Firefox<\/strong>, desde\u00a0<a href=\"http:\/\/support.mozilla.org\/es\/kb\/habilitar-y-deshabilitar-cookies-que-los-sitios-we\" rel=\"nofollow\">http:\/\/support.mozilla.org\/es\/kb\/habilitar-y-deshabilitar-cookies-que-los-sitios-we<\/a><\/li><li><strong>Safari<\/strong>, desde\u00a0<a href=\"http:\/\/support.apple.com\/kb\/ph5042\" rel=\"nofollow\">http:\/\/support.apple.com\/kb\/ph5042<\/a><\/li><\/ul><\/li><li>Mediante los sistemas de opt-out espec\u00edficos indicados por los propietarios de las cookies.<\/li><li>Otras herramientas de terceros, disponibles on line, que permiten a los usuarios detectar las cookies en cada sitio web que visita y gestionar su desactivaci\u00f3n<\/li><\/ul><h2>Responsabilidad de terceros.<\/h2><p>Tenga presente que no nos podemos hacer responsables del contenido, veracidad y cumplimiento de las pol\u00edticas de privacidad de terceros. En consecuencia, si opta por navegar en nuestra web permitiendo cookies de terceros, declara hacerlo conociendo esta circunstancia y exime a <strong>BEAZAI, S.L.<\/strong> de cualquier responsabilidad, directa o indirecta por los da\u00f1os, perjuicios o injerencias en su privacidad realizadas por terceras compa\u00f1\u00edas.<\/p>\t\t\t\t\t\t<\/div>\n\t\t\t\t<\/div>\n\t\t\t\t\t<\/div>\n\t\t\t\t<\/div>\n\t\t\t\t<\/div>\n\t\t","protected":false},"excerpt":{"rendered":"<p>Politique de cookies La instalaci\u00f3n de cookies en el navegador requiere de su consentimiento expreso a no ser que las cookies sean: Necesarias para facilitar la navegaci\u00f3n y\/o la aplicaci\u00f3n de medidas de seguridad para garantizar la confidencialidad, integridad y disponibilidad de la informaci\u00f3n. Imprescindibles para prestarle el servicio expresamente solicitado por Usted. Respecto al [&hellip;]<\/p>\n","protected":false},"author":1,"featured_media":0,"parent":0,"menu_order":0,"comment_status":"closed","ping_status":"closed","template":"","meta":{"footnotes":""},"class_list":["post-5466","page","type-page","status-publish","hentry"],"yoast_head":"<!-- This site is optimized with the Yoast SEO plugin v25.9 - https:\/\/yoast.com\/wordpress\/plugins\/seo\/ -->\n<title>Politique de cookies - Gran Camping Zarautz<\/title>\n<meta name=\"robots\" content=\"index, follow, max-snippet:-1, max-image-preview:large, max-video-preview:-1\" \/>\n<link rel=\"canonical\" href=\"https:\/\/www.grancampingzarautz.com\/fr\/politique-de-cookies\/\" \/>\n<meta property=\"og:locale\" content=\"fr_FR\" \/>\n<meta property=\"og:type\" content=\"article\" \/>\n<meta property=\"og:title\" content=\"Politique de cookies - Gran Camping Zarautz\" \/>\n<meta property=\"og:description\" content=\"Politique de cookies La instalaci\u00f3n de cookies en el navegador requiere de su consentimiento expreso a no ser que las cookies sean: Necesarias para facilitar la navegaci\u00f3n y\/o la aplicaci\u00f3n de medidas de seguridad para garantizar la confidencialidad, integridad y disponibilidad de la informaci\u00f3n. Imprescindibles para prestarle el servicio expresamente solicitado por Usted. Respecto al [&hellip;]\" \/>\n<meta property=\"og:url\" content=\"https:\/\/www.grancampingzarautz.com\/fr\/politique-de-cookies\/\" \/>\n<meta property=\"og:site_name\" content=\"Gran Camping Zarautz\" \/>\n<meta property=\"article:modified_time\" content=\"2024-05-13T17:51:44+00:00\" \/>\n<meta name=\"twitter:card\" content=\"summary_large_image\" \/>\n<meta name=\"twitter:label1\" content=\"Dur\u00e9e de lecture estim\u00e9e\" \/>\n\t<meta name=\"twitter:data1\" content=\"4 minutes\" \/>\n<script type=\"application\/ld+json\" class=\"yoast-schema-graph\">{\"@context\":\"https:\/\/schema.org\",\"@graph\":[{\"@type\":\"WebPage\",\"@id\":\"https:\/\/www.grancampingzarautz.com\/fr\/politique-de-cookies\/\",\"url\":\"https:\/\/www.grancampingzarautz.com\/fr\/politique-de-cookies\/\",\"name\":\"Politique de cookies - Gran Camping Zarautz\",\"isPartOf\":{\"@id\":\"https:\/\/www.grancampingzarautz.com\/fr\/#website\"},\"datePublished\":\"2022-04-13T09:34:02+00:00\",\"dateModified\":\"2024-05-13T17:51:44+00:00\",\"breadcrumb\":{\"@id\":\"https:\/\/www.grancampingzarautz.com\/fr\/politique-de-cookies\/#breadcrumb\"},\"inLanguage\":\"fr-FR\",\"potentialAction\":[{\"@type\":\"ReadAction\",\"target\":[\"https:\/\/www.grancampingzarautz.com\/fr\/politique-de-cookies\/\"]}]},{\"@type\":\"BreadcrumbList\",\"@id\":\"https:\/\/www.grancampingzarautz.com\/fr\/politique-de-cookies\/#breadcrumb\",\"itemListElement\":[{\"@type\":\"ListItem\",\"position\":1,\"name\":\"Portada\",\"item\":\"https:\/\/www.grancampingzarautz.com\/fr\/\"},{\"@type\":\"ListItem\",\"position\":2,\"name\":\"Politique de cookies\"}]},{\"@type\":\"WebSite\",\"@id\":\"https:\/\/www.grancampingzarautz.com\/fr\/#website\",\"url\":\"https:\/\/www.grancampingzarautz.com\/fr\/\",\"name\":\"Gran Camping Zarautz\",\"description\":\"Camping abierto todo el a\u00f1o\",\"publisher\":{\"@id\":\"https:\/\/www.grancampingzarautz.com\/fr\/#organization\"},\"potentialAction\":[{\"@type\":\"SearchAction\",\"target\":{\"@type\":\"EntryPoint\",\"urlTemplate\":\"https:\/\/www.grancampingzarautz.com\/fr\/?s={search_term_string}\"},\"query-input\":{\"@type\":\"PropertyValueSpecification\",\"valueRequired\":true,\"valueName\":\"search_term_string\"}}],\"inLanguage\":\"fr-FR\"},{\"@type\":\"Organization\",\"@id\":\"https:\/\/www.grancampingzarautz.com\/fr\/#organization\",\"name\":\"Gran Camping Zarautz\",\"url\":\"https:\/\/www.grancampingzarautz.com\/fr\/\",\"logo\":{\"@type\":\"ImageObject\",\"inLanguage\":\"fr-FR\",\"@id\":\"https:\/\/www.grancampingzarautz.com\/fr\/#\/schema\/logo\/image\/\",\"url\":\"https:\/\/www.grancampingzarautz.com\/wp-content\/uploads\/2024\/07\/logo.svg\",\"contentUrl\":\"https:\/\/www.grancampingzarautz.com\/wp-content\/uploads\/2024\/07\/logo.svg\",\"width\":255,\"height\":246,\"caption\":\"Gran Camping Zarautz\"},\"image\":{\"@id\":\"https:\/\/www.grancampingzarautz.com\/fr\/#\/schema\/logo\/image\/\"}}]}<\/script>\n<!-- \/ Yoast SEO plugin. -->","yoast_head_json":{"title":"Politique de cookies - Gran Camping Zarautz","robots":{"index":"index","follow":"follow","max-snippet":"max-snippet:-1","max-image-preview":"max-image-preview:large","max-video-preview":"max-video-preview:-1"},"canonical":"https:\/\/www.grancampingzarautz.com\/fr\/politique-de-cookies\/","og_locale":"fr_FR","og_type":"article","og_title":"Politique de cookies - Gran Camping Zarautz","og_description":"Politique de cookies La instalaci\u00f3n de cookies en el navegador requiere de su consentimiento expreso a no ser que las cookies sean: Necesarias para facilitar la navegaci\u00f3n y\/o la aplicaci\u00f3n de medidas de seguridad para garantizar la confidencialidad, integridad y disponibilidad de la informaci\u00f3n. Imprescindibles para prestarle el servicio expresamente solicitado por Usted. Respecto al [&hellip;]","og_url":"https:\/\/www.grancampingzarautz.com\/fr\/politique-de-cookies\/","og_site_name":"Gran Camping Zarautz","article_modified_time":"2024-05-13T17:51:44+00:00","twitter_card":"summary_large_image","twitter_misc":{"Dur\u00e9e de lecture estim\u00e9e":"4 minutes"},"schema":{"@context":"https:\/\/schema.org","@graph":[{"@type":"WebPage","@id":"https:\/\/www.grancampingzarautz.com\/fr\/politique-de-cookies\/","url":"https:\/\/www.grancampingzarautz.com\/fr\/politique-de-cookies\/","name":"Politique de cookies - Gran Camping Zarautz","isPartOf":{"@id":"https:\/\/www.grancampingzarautz.com\/fr\/#website"},"datePublished":"2022-04-13T09:34:02+00:00","dateModified":"2024-05-13T17:51:44+00:00","breadcrumb":{"@id":"https:\/\/www.grancampingzarautz.com\/fr\/politique-de-cookies\/#breadcrumb"},"inLanguage":"fr-FR","potentialAction":[{"@type":"ReadAction","target":["https:\/\/www.grancampingzarautz.com\/fr\/politique-de-cookies\/"]}]},{"@type":"BreadcrumbList","@id":"https:\/\/www.grancampingzarautz.com\/fr\/politique-de-cookies\/#breadcrumb","itemListElement":[{"@type":"ListItem","position":1,"name":"Portada","item":"https:\/\/www.grancampingzarautz.com\/fr\/"},{"@type":"ListItem","position":2,"name":"Politique de cookies"}]},{"@type":"WebSite","@id":"https:\/\/www.grancampingzarautz.com\/fr\/#website","url":"https:\/\/www.grancampingzarautz.com\/fr\/","name":"Gran Camping Zarautz","description":"Camping abierto todo el a\u00f1o","publisher":{"@id":"https:\/\/www.grancampingzarautz.com\/fr\/#organization"},"potentialAction":[{"@type":"SearchAction","target":{"@type":"EntryPoint","urlTemplate":"https:\/\/www.grancampingzarautz.com\/fr\/?s={search_term_string}"},"query-input":{"@type":"PropertyValueSpecification","valueRequired":true,"valueName":"search_term_string"}}],"inLanguage":"fr-FR"},{"@type":"Organization","@id":"https:\/\/www.grancampingzarautz.com\/fr\/#organization","name":"Gran Camping Zarautz","url":"https:\/\/www.grancampingzarautz.com\/fr\/","logo":{"@type":"ImageObject","inLanguage":"fr-FR","@id":"https:\/\/www.grancampingzarautz.com\/fr\/#\/schema\/logo\/image\/","url":"https:\/\/www.grancampingzarautz.com\/wp-content\/uploads\/2024\/07\/logo.svg","contentUrl":"https:\/\/www.grancampingzarautz.com\/wp-content\/uploads\/2024\/07\/logo.svg","width":255,"height":246,"caption":"Gran Camping Zarautz"},"image":{"@id":"https:\/\/www.grancampingzarautz.com\/fr\/#\/schema\/logo\/image\/"}}]}},"_links":{"self":[{"href":"https:\/\/www.grancampingzarautz.com\/fr\/wp-json\/wp\/v2\/pages\/5466","targetHints":{"allow":["GET"]}}],"collection":[{"href":"https:\/\/www.grancampingzarautz.com\/fr\/wp-json\/wp\/v2\/pages"}],"about":[{"href":"https:\/\/www.grancampingzarautz.com\/fr\/wp-json\/wp\/v2\/types\/page"}],"author":[{"embeddable":true,"href":"https:\/\/www.grancampingzarautz.com\/fr\/wp-json\/wp\/v2\/users\/1"}],"replies":[{"embeddable":true,"href":"https:\/\/www.grancampingzarautz.com\/fr\/wp-json\/wp\/v2\/comments?post=5466"}],"version-history":[{"count":0,"href":"https:\/\/www.grancampingzarautz.com\/fr\/wp-json\/wp\/v2\/pages\/5466\/revisions"}],"wp:attachment":[{"href":"https:\/\/www.grancampingzarautz.com\/fr\/wp-json\/wp\/v2\/media?parent=5466"}],"curies":[{"name":"wp","href":"https:\/\/api.w.org\/{rel}","templated":true}]}}