{"id":11276,"date":"2024-03-27T10:16:16","date_gmt":"2024-03-27T10:16:16","guid":{"rendered":"https:\/\/www.grancampingzarautz.com\/restaurante\/"},"modified":"2025-05-30T08:18:36","modified_gmt":"2025-05-30T08:18:36","slug":"restaurant","status":"publish","type":"page","link":"https:\/\/www.grancampingzarautz.com\/fr\/restaurant\/","title":{"rendered":"Restaurant"},"content":{"rendered":"\t\t<div data-elementor-type=\"wp-page\" data-elementor-id=\"11276\" class=\"elementor elementor-11276 elementor-8041\" data-elementor-post-type=\"page\">\n\t\t\t\t<div class=\"elementor-element elementor-element-1b2fc089 elementor-hidden-tablet elementor-hidden-mobile e-flex e-con-boxed e-con e-parent\" data-id=\"1b2fc089\" data-element_type=\"container\" data-settings=\"{&quot;background_background&quot;:&quot;classic&quot;}\">\n\t\t\t\t\t<div class=\"e-con-inner\">\n\t\t\t\t<div class=\"elementor-element elementor-element-52495902 elementor-widget elementor-widget-heading\" data-id=\"52495902\" data-element_type=\"widget\" data-widget_type=\"heading.default\">\n\t\t\t\t<div class=\"elementor-widget-container\">\n\t\t\t<style>\/*! elementor - v3.23.0 - 15-07-2024 *\/\n.elementor-heading-title{padding:0;margin:0;line-height:1}.elementor-widget-heading .elementor-heading-title[class*=elementor-size-]>a{color:inherit;font-size:inherit;line-height:inherit}.elementor-widget-heading .elementor-heading-title.elementor-size-small{font-size:15px}.elementor-widget-heading .elementor-heading-title.elementor-size-medium{font-size:19px}.elementor-widget-heading .elementor-heading-title.elementor-size-large{font-size:29px}.elementor-widget-heading .elementor-heading-title.elementor-size-xl{font-size:39px}.elementor-widget-heading .elementor-heading-title.elementor-size-xxl{font-size:59px}<\/style><h2 class=\"elementor-heading-title elementor-size-default\">RESTAURANT<br>GRAN CAMPING ZARAUTZ\n<\/h2>\t\t<\/div>\n\t\t\t\t<\/div>\n\t\t\t\t\t<\/div>\n\t\t\t\t<\/div>\n\t\t<div class=\"elementor-element elementor-element-95cb0a3 elementor-hidden-desktop e-flex e-con-boxed e-con e-parent\" data-id=\"95cb0a3\" data-element_type=\"container\" data-settings=\"{&quot;background_background&quot;:&quot;classic&quot;}\">\n\t\t\t\t\t<div class=\"e-con-inner\">\n\t\t\t\t<div class=\"elementor-element elementor-element-59018e9 elementor-widget elementor-widget-heading\" data-id=\"59018e9\" data-element_type=\"widget\" data-widget_type=\"heading.default\">\n\t\t\t\t<div class=\"elementor-widget-container\">\n\t\t\t<h2 class=\"elementor-heading-title elementor-size-default\">RESTAURANT<br>GRAN CAMPING<br>ZARAUTZ\n<\/h2>\t\t<\/div>\n\t\t\t\t<\/div>\n\t\t\t\t\t<\/div>\n\t\t\t\t<\/div>\n\t\t<div class=\"elementor-element elementor-element-88aa3cf e-flex e-con-boxed e-con e-parent\" data-id=\"88aa3cf\" data-element_type=\"container\">\n\t\t\t\t\t<div class=\"e-con-inner\">\n\t\t\t\t<div class=\"elementor-element elementor-element-b4b4196 elementor-widget elementor-widget-text-editor\" data-id=\"b4b4196\" data-element_type=\"widget\" data-widget_type=\"text-editor.default\">\n\t\t\t\t<div class=\"elementor-widget-container\">\n\t\t\t<style>\/*! elementor - v3.23.0 - 15-07-2024 *\/\n.elementor-widget-text-editor.elementor-drop-cap-view-stacked .elementor-drop-cap{background-color:#69727d;color:#fff}.elementor-widget-text-editor.elementor-drop-cap-view-framed .elementor-drop-cap{color:#69727d;border:3px solid;background-color:transparent}.elementor-widget-text-editor:not(.elementor-drop-cap-view-default) .elementor-drop-cap{margin-top:8px}.elementor-widget-text-editor:not(.elementor-drop-cap-view-default) .elementor-drop-cap-letter{width:1em;height:1em}.elementor-widget-text-editor .elementor-drop-cap{float:left;text-align:center;line-height:1;font-size:50px}.elementor-widget-text-editor .elementor-drop-cap-letter{display:inline-block}<\/style>\t\t\t\t<p>Bar-restaurant situ\u00e9 dans un village embl\u00e9matique de Gipuzkoa, Zarautz, surplombant les baies de Zarautz et de Getaria, l&rsquo;Asador Gran Camping Zarautz est l&rsquo;un des rares endroits au monde o\u00f9 l&rsquo;on peut admirer d&rsquo;aussi beaux couchers de soleil.<\/p>\t\t\t\t\t\t<\/div>\n\t\t\t\t<\/div>\n\t\t\t\t\t<\/div>\n\t\t\t\t<\/div>\n\t\t<div class=\"elementor-element elementor-element-23101d1a e-flex e-con-boxed e-con e-parent\" data-id=\"23101d1a\" data-element_type=\"container\" data-settings=\"{&quot;background_background&quot;:&quot;classic&quot;}\">\n\t\t\t\t\t<div class=\"e-con-inner\">\n\t\t<div class=\"elementor-element elementor-element-50a28474 e-flex e-con-boxed elementor-invisible e-con e-child\" data-id=\"50a28474\" data-element_type=\"container\" data-settings=\"{&quot;animation&quot;:&quot;slideInLeft&quot;}\">\n\t\t\t\t\t<div class=\"e-con-inner\">\n\t\t\t\t<div class=\"elementor-element elementor-element-3e1c266a elementor-widget elementor-widget-image\" data-id=\"3e1c266a\" data-element_type=\"widget\" data-widget_type=\"image.default\">\n\t\t\t\t<div class=\"elementor-widget-container\">\n\t\t\t<style>\/*! elementor - v3.23.0 - 15-07-2024 *\/\n.elementor-widget-image{text-align:center}.elementor-widget-image a{display:inline-block}.elementor-widget-image a img[src$=\".svg\"]{width:48px}.elementor-widget-image img{vertical-align:middle;display:inline-block}<\/style>\t\t\t\t\t\t\t\t\t\t<img fetchpriority=\"high\" decoding=\"async\" width=\"635\" height=\"647\" src=\"https:\/\/www.grancampingzarautz.com\/wp-content\/uploads\/2024\/04\/txotx.jpg\" class=\"attachment-large size-large wp-image-8066\" alt=\"\" srcset=\"https:\/\/www.grancampingzarautz.com\/wp-content\/uploads\/2024\/04\/txotx.jpg 635w, https:\/\/www.grancampingzarautz.com\/wp-content\/uploads\/2024\/04\/txotx-294x300.jpg 294w\" sizes=\"(max-width: 635px) 100vw, 635px\" \/>\t\t\t\t\t\t\t\t\t\t\t\t\t<\/div>\n\t\t\t\t<\/div>\n\t\t\t\t\t<\/div>\n\t\t\t\t<\/div>\n\t\t<div class=\"elementor-element elementor-element-4ec3df3a e-con-full e-flex elementor-invisible e-con e-child\" data-id=\"4ec3df3a\" data-element_type=\"container\" data-settings=\"{&quot;animation&quot;:&quot;slideInRight&quot;}\">\n\t\t\t\t<div class=\"elementor-element elementor-element-654cc6 elementor-widget elementor-widget-heading\" data-id=\"654cc6\" data-element_type=\"widget\" data-widget_type=\"heading.default\">\n\t\t\t\t<div class=\"elementor-widget-container\">\n\t\t\t<h2 class=\"elementor-heading-title elementor-size-default\">Notre restaurant<\/h2>\t\t<\/div>\n\t\t\t\t<\/div>\n\t\t\t\t<div class=\"elementor-element elementor-element-248a3495 elementor-widget elementor-widget-text-editor\" data-id=\"248a3495\" data-element_type=\"widget\" data-widget_type=\"text-editor.default\">\n\t\t\t\t<div class=\"elementor-widget-container\">\n\t\t\t\t\t\t\t<p>Notre \u00e9quipe est compos\u00e9e de personnes ayant une exp\u00e9rience de plus de 20 ans dans le secteur de la restauration, une \u00e9quipe versatile qui souhaite rendre votre visite au Gran Camping Zarautz agr\u00e9able et inoubliable du point de vue gastronomique.<\/p><p>Nous recevons des visiteurs du monde entier tout le long de l&rsquo;ann\u00e9e.<\/p><p>C&rsquo;est pourquoi nous offrons le meilleur service \u00e0 nos clients. Nous disposons d&rsquo;un magasin, d&rsquo;un bar et d&rsquo;un restaurant ouverts 365 jours par an.<\/p>\t\t\t\t\t\t<\/div>\n\t\t\t\t<\/div>\n\t\t\t\t<div class=\"elementor-element elementor-element-a3ed238 elementor-widget elementor-widget-heading\" data-id=\"a3ed238\" data-element_type=\"widget\" data-widget_type=\"heading.default\">\n\t\t\t\t<div class=\"elementor-widget-container\">\n\t\t\t<h2 class=\"elementor-heading-title elementor-size-default\">C\u00e9l\u00e9brations<\/h2>\t\t<\/div>\n\t\t\t\t<\/div>\n\t\t\t\t<div class=\"elementor-element elementor-element-4bf1950 elementor-widget elementor-widget-text-editor\" data-id=\"4bf1950\" data-element_type=\"widget\" data-widget_type=\"text-editor.default\">\n\t\t\t\t<div class=\"elementor-widget-container\">\n\t\t\t\t\t\t\t<div class=\"wpb_text_column wpb_content_element subtitle\"><div class=\"wpb_wrapper\"><p>C\u00e9l\u00e9brez avec nous toute date importante : une demande en mariage intime, un d\u00eener d&rsquo;entreprise ou votre f\u00eate d&rsquo;anniversaire.<\/p><p>Nous disposons d&rsquo;un vaste espace o\u00f9 vous pouvez d\u00e9jeuner, d\u00eener ou organiser l&rsquo;\u00e9v\u00e8nement que vous souhaitez.<\/p><p><a href=\"https:\/\/www.asadorgrancamping.com\/\" target=\"_blank\" rel=\"noopener\">Visitez le site web de notre restaurant<\/a><\/p><\/div><\/div>\t\t\t\t\t\t<\/div>\n\t\t\t\t<\/div>\n\t\t\t\t<\/div>\n\t\t\t\t\t<\/div>\n\t\t\t\t<\/div>\n\t\t<div class=\"elementor-element elementor-element-f116daf e-con-full e-flex e-con e-parent\" data-id=\"f116daf\" data-element_type=\"container\" data-settings=\"{&quot;background_background&quot;:&quot;classic&quot;,&quot;background_motion_fx_motion_fx_scrolling&quot;:&quot;yes&quot;,&quot;background_motion_fx_translateY_effect&quot;:&quot;yes&quot;,&quot;background_motion_fx_translateY_speed&quot;:{&quot;unit&quot;:&quot;px&quot;,&quot;size&quot;:4,&quot;sizes&quot;:[]},&quot;background_motion_fx_translateY_affectedRange&quot;:{&quot;unit&quot;:&quot;%&quot;,&quot;size&quot;:&quot;&quot;,&quot;sizes&quot;:{&quot;start&quot;:0,&quot;end&quot;:100}},&quot;background_motion_fx_devices&quot;:[&quot;desktop&quot;,&quot;tablet&quot;,&quot;mobile&quot;]}\">\n\t\t\t\t<\/div>\n\t\t<div class=\"elementor-element elementor-element-f68d518 e-flex e-con-boxed e-con e-parent\" data-id=\"f68d518\" data-element_type=\"container\">\n\t\t\t\t\t<div class=\"e-con-inner\">\n\t\t<div class=\"elementor-element elementor-element-04ba56c e-con-full e-flex e-con e-child\" data-id=\"04ba56c\" data-element_type=\"container\">\n\t\t\t\t<div class=\"elementor-element elementor-element-4a9938a elementor-widget elementor-widget-heading\" data-id=\"4a9938a\" data-element_type=\"widget\" data-widget_type=\"heading.default\">\n\t\t\t\t<div class=\"elementor-widget-container\">\n\t\t\t<h2 class=\"elementor-heading-title elementor-size-default\">Pour grignoter<\/h2>\t\t<\/div>\n\t\t\t\t<\/div>\n\t\t\t\t<div class=\"elementor-element elementor-element-25e7d80 elementor-widget elementor-widget-text-editor\" data-id=\"25e7d80\" data-element_type=\"widget\" data-widget_type=\"text-editor.default\">\n\t\t\t\t<div class=\"elementor-widget-container\">\n\t\t\t\t\t\t\t<div class=\"wpb_text_column wpb_content_element subtitle\"><div class=\"wpb_wrapper\"><p>Les saveurs authentiques prennent forme au \u00ab coin grignotage \u00bb de l&rsquo;Asador Gran Camping, dans une vari\u00e9t\u00e9 d\u2019assiettes et de snacks pour ravir votre palais \u00e0 tout moment de la journ\u00e9e. Des en-cas traditionnels aux cr\u00e9ations culinaires innovantes, chaque bouch\u00e9e est con\u00e7ue pour \u00eatre un voyage gastronomique inoubliable. Venez d\u00e9couvrir nos sp\u00e9cialit\u00e9s, parfaites pour \u00eatre partag\u00e9es, ou savourez un en-cas individuel, pr\u00e8s de la nature environnante.<\/p><\/div><\/div>\t\t\t\t\t\t<\/div>\n\t\t\t\t<\/div>\n\t\t\t\t<div class=\"elementor-element elementor-element-1ca997e elementor-widget elementor-widget-heading\" data-id=\"1ca997e\" data-element_type=\"widget\" data-widget_type=\"heading.default\">\n\t\t\t\t<div class=\"elementor-widget-container\">\n\t\t\t<h2 class=\"elementor-heading-title elementor-size-default\">Menu complet<\/h2>\t\t<\/div>\n\t\t\t\t<\/div>\n\t\t\t\t<div class=\"elementor-element elementor-element-54c6676 elementor-widget elementor-widget-text-editor\" data-id=\"54c6676\" data-element_type=\"widget\" data-widget_type=\"text-editor.default\">\n\t\t\t\t<div class=\"elementor-widget-container\">\n\t\t\t\t\t\t\t<div class=\"wpb_text_column wpb_content_element subtitle\"><div class=\"wpb_wrapper\"><p>Pour ceux qui souhaitent se plonger dans l&rsquo;exp\u00e9rience culinaire du Pays basque, notre menu complet est une ode \u00e0 la cuisine locale. Chaque plat refl\u00e8te la richesse des ingr\u00e9dients de saison et la maestria des techniques traditionnelles, avec des options qui satisferont les gourmets les plus exigeants comme les aventuriers gastronomiques \u00e0 la recherche de nouvelles exp\u00e9riences. Que vous pr\u00e9f\u00e9riez les grillades de viande juteuses ou les d\u00e9lices de la mer, vous trouverez dans notre r\u00f4tisserie des plats qui parlent le langage de la saveur et de la tradition.<\/p><\/div><\/div>\t\t\t\t\t\t<\/div>\n\t\t\t\t<\/div>\n\t\t\t\t<\/div>\n\t\t\t\t\t<\/div>\n\t\t\t\t<\/div>\n\t\t\t\t<\/div>\n\t\t","protected":false},"excerpt":{"rendered":"<p>RESTAURANTGRAN CAMPING ZARAUTZ RESTAURANTGRAN CAMPINGZARAUTZ Bar-restaurant situ\u00e9 dans un village embl\u00e9matique de Gipuzkoa, Zarautz, surplombant les baies de Zarautz et de Getaria, l&rsquo;Asador Gran Camping Zarautz est l&rsquo;un des rares endroits au monde o\u00f9 l&rsquo;on peut admirer d&rsquo;aussi beaux couchers de soleil. Notre restaurant Notre \u00e9quipe est compos\u00e9e de personnes ayant une exp\u00e9rience de plus [&hellip;]<\/p>\n","protected":false},"author":1,"featured_media":0,"parent":0,"menu_order":0,"comment_status":"closed","ping_status":"closed","template":"elementor_header_footer","meta":{"footnotes":""},"class_list":["post-11276","page","type-page","status-publish","hentry"],"yoast_head":"<!-- This site is optimized with the Yoast SEO plugin v25.9 - https:\/\/yoast.com\/wordpress\/plugins\/seo\/ -->\n<title>Restaurant - Gran Camping Zarautz<\/title>\n<meta name=\"robots\" content=\"index, follow, max-snippet:-1, max-image-preview:large, max-video-preview:-1\" \/>\n<link rel=\"canonical\" href=\"https:\/\/www.grancampingzarautz.com\/fr\/restaurant\/\" \/>\n<meta property=\"og:locale\" content=\"fr_FR\" \/>\n<meta property=\"og:type\" content=\"article\" \/>\n<meta property=\"og:title\" content=\"Restaurant - Gran Camping Zarautz\" \/>\n<meta property=\"og:description\" content=\"RESTAURANTGRAN CAMPING ZARAUTZ RESTAURANTGRAN CAMPINGZARAUTZ Bar-restaurant situ\u00e9 dans un village embl\u00e9matique de Gipuzkoa, Zarautz, surplombant les baies de Zarautz et de Getaria, l&rsquo;Asador Gran Camping Zarautz est l&rsquo;un des rares endroits au monde o\u00f9 l&rsquo;on peut admirer d&rsquo;aussi beaux couchers de soleil. Notre restaurant Notre \u00e9quipe est compos\u00e9e de personnes ayant une exp\u00e9rience de plus [&hellip;]\" \/>\n<meta property=\"og:url\" content=\"https:\/\/www.grancampingzarautz.com\/fr\/restaurant\/\" \/>\n<meta property=\"og:site_name\" content=\"Gran Camping Zarautz\" \/>\n<meta property=\"article:modified_time\" content=\"2025-05-30T08:18:36+00:00\" \/>\n<meta property=\"og:image\" content=\"https:\/\/www.grancampingzarautz.com\/wp-content\/uploads\/2024\/04\/txotx.jpg\" \/>\n\t<meta property=\"og:image:width\" content=\"635\" \/>\n\t<meta property=\"og:image:height\" content=\"647\" \/>\n\t<meta property=\"og:image:type\" content=\"image\/jpeg\" \/>\n<meta name=\"twitter:card\" content=\"summary_large_image\" \/>\n<meta name=\"twitter:label1\" content=\"Dur\u00e9e de lecture estim\u00e9e\" \/>\n\t<meta name=\"twitter:data1\" content=\"2 minutes\" \/>\n<script type=\"application\/ld+json\" class=\"yoast-schema-graph\">{\"@context\":\"https:\/\/schema.org\",\"@graph\":[{\"@type\":\"WebPage\",\"@id\":\"https:\/\/www.grancampingzarautz.com\/fr\/restaurant\/\",\"url\":\"https:\/\/www.grancampingzarautz.com\/fr\/restaurant\/\",\"name\":\"Restaurant - Gran Camping Zarautz\",\"isPartOf\":{\"@id\":\"https:\/\/www.grancampingzarautz.com\/fr\/#website\"},\"primaryImageOfPage\":{\"@id\":\"https:\/\/www.grancampingzarautz.com\/fr\/restaurant\/#primaryimage\"},\"image\":{\"@id\":\"https:\/\/www.grancampingzarautz.com\/fr\/restaurant\/#primaryimage\"},\"thumbnailUrl\":\"https:\/\/www.grancampingzarautz.com\/wp-content\/uploads\/2024\/04\/txotx.jpg\",\"datePublished\":\"2024-03-27T10:16:16+00:00\",\"dateModified\":\"2025-05-30T08:18:36+00:00\",\"breadcrumb\":{\"@id\":\"https:\/\/www.grancampingzarautz.com\/fr\/restaurant\/#breadcrumb\"},\"inLanguage\":\"fr-FR\",\"potentialAction\":[{\"@type\":\"ReadAction\",\"target\":[\"https:\/\/www.grancampingzarautz.com\/fr\/restaurant\/\"]}]},{\"@type\":\"ImageObject\",\"inLanguage\":\"fr-FR\",\"@id\":\"https:\/\/www.grancampingzarautz.com\/fr\/restaurant\/#primaryimage\",\"url\":\"https:\/\/www.grancampingzarautz.com\/wp-content\/uploads\/2024\/04\/txotx.jpg\",\"contentUrl\":\"https:\/\/www.grancampingzarautz.com\/wp-content\/uploads\/2024\/04\/txotx.jpg\"},{\"@type\":\"BreadcrumbList\",\"@id\":\"https:\/\/www.grancampingzarautz.com\/fr\/restaurant\/#breadcrumb\",\"itemListElement\":[{\"@type\":\"ListItem\",\"position\":1,\"name\":\"Portada\",\"item\":\"https:\/\/www.grancampingzarautz.com\/fr\/\"},{\"@type\":\"ListItem\",\"position\":2,\"name\":\"Restaurant\"}]},{\"@type\":\"WebSite\",\"@id\":\"https:\/\/www.grancampingzarautz.com\/fr\/#website\",\"url\":\"https:\/\/www.grancampingzarautz.com\/fr\/\",\"name\":\"Gran Camping Zarautz\",\"description\":\"Camping abierto todo el a\u00f1o\",\"publisher\":{\"@id\":\"https:\/\/www.grancampingzarautz.com\/fr\/#organization\"},\"potentialAction\":[{\"@type\":\"SearchAction\",\"target\":{\"@type\":\"EntryPoint\",\"urlTemplate\":\"https:\/\/www.grancampingzarautz.com\/fr\/?s={search_term_string}\"},\"query-input\":{\"@type\":\"PropertyValueSpecification\",\"valueRequired\":true,\"valueName\":\"search_term_string\"}}],\"inLanguage\":\"fr-FR\"},{\"@type\":\"Organization\",\"@id\":\"https:\/\/www.grancampingzarautz.com\/fr\/#organization\",\"name\":\"Gran Camping Zarautz\",\"url\":\"https:\/\/www.grancampingzarautz.com\/fr\/\",\"logo\":{\"@type\":\"ImageObject\",\"inLanguage\":\"fr-FR\",\"@id\":\"https:\/\/www.grancampingzarautz.com\/fr\/#\/schema\/logo\/image\/\",\"url\":\"https:\/\/www.grancampingzarautz.com\/wp-content\/uploads\/2024\/07\/logo.svg\",\"contentUrl\":\"https:\/\/www.grancampingzarautz.com\/wp-content\/uploads\/2024\/07\/logo.svg\",\"width\":255,\"height\":246,\"caption\":\"Gran Camping Zarautz\"},\"image\":{\"@id\":\"https:\/\/www.grancampingzarautz.com\/fr\/#\/schema\/logo\/image\/\"}}]}<\/script>\n<!-- \/ Yoast SEO plugin. -->","yoast_head_json":{"title":"Restaurant - Gran Camping Zarautz","robots":{"index":"index","follow":"follow","max-snippet":"max-snippet:-1","max-image-preview":"max-image-preview:large","max-video-preview":"max-video-preview:-1"},"canonical":"https:\/\/www.grancampingzarautz.com\/fr\/restaurant\/","og_locale":"fr_FR","og_type":"article","og_title":"Restaurant - Gran Camping Zarautz","og_description":"RESTAURANTGRAN CAMPING ZARAUTZ RESTAURANTGRAN CAMPINGZARAUTZ Bar-restaurant situ\u00e9 dans un village embl\u00e9matique de Gipuzkoa, Zarautz, surplombant les baies de Zarautz et de Getaria, l&rsquo;Asador Gran Camping Zarautz est l&rsquo;un des rares endroits au monde o\u00f9 l&rsquo;on peut admirer d&rsquo;aussi beaux couchers de soleil. Notre restaurant Notre \u00e9quipe est compos\u00e9e de personnes ayant une exp\u00e9rience de plus [&hellip;]","og_url":"https:\/\/www.grancampingzarautz.com\/fr\/restaurant\/","og_site_name":"Gran Camping Zarautz","article_modified_time":"2025-05-30T08:18:36+00:00","og_image":[{"width":635,"height":647,"url":"https:\/\/www.grancampingzarautz.com\/wp-content\/uploads\/2024\/04\/txotx.jpg","type":"image\/jpeg"}],"twitter_card":"summary_large_image","twitter_misc":{"Dur\u00e9e de lecture estim\u00e9e":"2 minutes"},"schema":{"@context":"https:\/\/schema.org","@graph":[{"@type":"WebPage","@id":"https:\/\/www.grancampingzarautz.com\/fr\/restaurant\/","url":"https:\/\/www.grancampingzarautz.com\/fr\/restaurant\/","name":"Restaurant - Gran Camping Zarautz","isPartOf":{"@id":"https:\/\/www.grancampingzarautz.com\/fr\/#website"},"primaryImageOfPage":{"@id":"https:\/\/www.grancampingzarautz.com\/fr\/restaurant\/#primaryimage"},"image":{"@id":"https:\/\/www.grancampingzarautz.com\/fr\/restaurant\/#primaryimage"},"thumbnailUrl":"https:\/\/www.grancampingzarautz.com\/wp-content\/uploads\/2024\/04\/txotx.jpg","datePublished":"2024-03-27T10:16:16+00:00","dateModified":"2025-05-30T08:18:36+00:00","breadcrumb":{"@id":"https:\/\/www.grancampingzarautz.com\/fr\/restaurant\/#breadcrumb"},"inLanguage":"fr-FR","potentialAction":[{"@type":"ReadAction","target":["https:\/\/www.grancampingzarautz.com\/fr\/restaurant\/"]}]},{"@type":"ImageObject","inLanguage":"fr-FR","@id":"https:\/\/www.grancampingzarautz.com\/fr\/restaurant\/#primaryimage","url":"https:\/\/www.grancampingzarautz.com\/wp-content\/uploads\/2024\/04\/txotx.jpg","contentUrl":"https:\/\/www.grancampingzarautz.com\/wp-content\/uploads\/2024\/04\/txotx.jpg"},{"@type":"BreadcrumbList","@id":"https:\/\/www.grancampingzarautz.com\/fr\/restaurant\/#breadcrumb","itemListElement":[{"@type":"ListItem","position":1,"name":"Portada","item":"https:\/\/www.grancampingzarautz.com\/fr\/"},{"@type":"ListItem","position":2,"name":"Restaurant"}]},{"@type":"WebSite","@id":"https:\/\/www.grancampingzarautz.com\/fr\/#website","url":"https:\/\/www.grancampingzarautz.com\/fr\/","name":"Gran Camping Zarautz","description":"Camping abierto todo el a\u00f1o","publisher":{"@id":"https:\/\/www.grancampingzarautz.com\/fr\/#organization"},"potentialAction":[{"@type":"SearchAction","target":{"@type":"EntryPoint","urlTemplate":"https:\/\/www.grancampingzarautz.com\/fr\/?s={search_term_string}"},"query-input":{"@type":"PropertyValueSpecification","valueRequired":true,"valueName":"search_term_string"}}],"inLanguage":"fr-FR"},{"@type":"Organization","@id":"https:\/\/www.grancampingzarautz.com\/fr\/#organization","name":"Gran Camping Zarautz","url":"https:\/\/www.grancampingzarautz.com\/fr\/","logo":{"@type":"ImageObject","inLanguage":"fr-FR","@id":"https:\/\/www.grancampingzarautz.com\/fr\/#\/schema\/logo\/image\/","url":"https:\/\/www.grancampingzarautz.com\/wp-content\/uploads\/2024\/07\/logo.svg","contentUrl":"https:\/\/www.grancampingzarautz.com\/wp-content\/uploads\/2024\/07\/logo.svg","width":255,"height":246,"caption":"Gran Camping Zarautz"},"image":{"@id":"https:\/\/www.grancampingzarautz.com\/fr\/#\/schema\/logo\/image\/"}}]}},"_links":{"self":[{"href":"https:\/\/www.grancampingzarautz.com\/fr\/wp-json\/wp\/v2\/pages\/11276","targetHints":{"allow":["GET"]}}],"collection":[{"href":"https:\/\/www.grancampingzarautz.com\/fr\/wp-json\/wp\/v2\/pages"}],"about":[{"href":"https:\/\/www.grancampingzarautz.com\/fr\/wp-json\/wp\/v2\/types\/page"}],"author":[{"embeddable":true,"href":"https:\/\/www.grancampingzarautz.com\/fr\/wp-json\/wp\/v2\/users\/1"}],"replies":[{"embeddable":true,"href":"https:\/\/www.grancampingzarautz.com\/fr\/wp-json\/wp\/v2\/comments?post=11276"}],"version-history":[{"count":0,"href":"https:\/\/www.grancampingzarautz.com\/fr\/wp-json\/wp\/v2\/pages\/11276\/revisions"}],"wp:attachment":[{"href":"https:\/\/www.grancampingzarautz.com\/fr\/wp-json\/wp\/v2\/media?parent=11276"}],"curies":[{"name":"wp","href":"https:\/\/api.w.org\/{rel}","templated":true}]}}