{"id":10266,"date":"2024-04-10T16:03:41","date_gmt":"2024-04-10T16:03:41","guid":{"rendered":"https:\/\/www.grancampingzarautz.com\/actividades\/"},"modified":"2024-05-06T17:55:47","modified_gmt":"2024-05-06T17:55:47","slug":"activites","status":"publish","type":"page","link":"https:\/\/www.grancampingzarautz.com\/fr\/activites\/","title":{"rendered":"Activit\u00e9s"},"content":{"rendered":"<h2>GRAN CAMPING ZARAUTZ<br \/>\n<br \/>ACTIVIT\u00c9S<\/h2>\n<p>\t\t\t\t\t\t\t\t\t\t\t\t\t<img fetchpriority=\"high\" decoding=\"async\" width=\"599\" height=\"300\" src=\"https:\/\/www.grancampingzarautz.com\/wp-content\/uploads\/2022\/07\/kids-zone.jpg\" alt=\"\" srcset=\"https:\/\/www.grancampingzarautz.com\/wp-content\/uploads\/2022\/07\/kids-zone.jpg 599w, https:\/\/www.grancampingzarautz.com\/wp-content\/uploads\/2022\/07\/kids-zone-300x150.jpg 300w\" sizes=\"(max-width: 599px) 100vw, 599px\" \/>\t\t\t\t\t\t\t\t\t\t\t\t\t<\/p>\n<h2>Camping Kids<\/h2>\n<h2>Club Enfant<\/h2>\n<p>Animations pour les enfants tous les jours avec moniteurs.<\/p>\n<p><strong>Lundi-vendredi:<\/strong>\u00a010:30-12:30<br \/><strong>Week-end:<\/strong>\u00a010:30-12:30<\/p>\n<h2>Vous recherchez la paix et la tranquillit\u00e9 combin\u00e9es au frisson des vagues et du surf ?<\/h2>\n<p>Le\u00a0<strong>Gran Camping Zarautz<\/strong>\u00a0est votre choix id\u00e9al ! Situ\u00e9es dans une enclave fantastique pr\u00e8s de la fronti\u00e8re fran\u00e7aise, nos installations disposent de toutes les commodit\u00e9s n\u00e9cessaires pour vous offrir un\u00a0<strong>h\u00e9bergement<\/strong>au meilleur rapport qualit\u00e9-prix. Parce que la satisfaction du client est notre principal objectif.<\/p>\n<h2>Localisation<\/h2>\n<p><strong>Situ\u00e9 pr\u00e8s de la fronti\u00e8re fran\u00e7aise<\/strong>, nous sommes une \u00e9tape r\u00e9guli\u00e8re pour les p\u00e8lerins du Chemin de Saint-Jacques, puisque le Chemin du Nord passe par notre camping.<\/p>\n<p>Nous sommes donc le meilleur point de d\u00e9part pour visiter des villes embl\u00e9matiques telles que\u00a0<strong>Saint-S\u00e9bastien ou Bilbao<\/strong>, ainsi que plusieurs villes c\u00f4ti\u00e8res.<\/p>\n<p>Nous proposons \u00e9galement des services de transport vers la ville, des informations touristiques, la location de mat\u00e9riel de surf et de v\u00e9los\u2026 Consultez nos prix et conditions.<\/p>\n<p>\u00a0\u00a0\t\t<\/p>\n<h2>Nos \u00e9v\u00e9nements<\/h2>\n<p>Nous sommes impliqu\u00e9s dans des\u00a0<strong>\u00e9v\u00e9nements sportifs<\/strong>\u00a0tels que le motocross, le cyclo-cross, les courses de montagne, les sports ruraux\u2026 D\u2019autre part, nous soutenons\u00a0<strong>diff\u00e9rents \u00e9v\u00e9nements culturels<\/strong>, tels que\u00a0<em>des rallyes de voitures anciennes<\/em>, des activit\u00e9s d\u2019a\u00e9romod\u00e9lisme ou des festivals locaux.<\/p>\n<p>De plus, nos emplacements sont l\u2019endroit id\u00e9al pour les amateurs de\u00a0<strong>surf<\/strong>qui souhaitent profiter des vagues de la c\u00e9l\u00e8bre plage de Zarautz. Nous sommes \u00e9galement visit\u00e9s par ceux qui viennent profiter du\u00a0<strong>festival du film de Saint-S\u00e9bastien<\/strong>, du triathlon de Zarautz, du festival de jazz, de la course cycliste \u00ab\u00a0Cl\u00e1sica de San Sebasti\u00e1n\u00a0\u00bb\u2026<\/p>\n<h2>Activit\u00e9s \u00e0 Zarautz<\/h2>\n<p>Si vous avez envie de d\u00e9couvrir de nouveaux plats, nous vous proposons de\u00a0<strong>savourer le meilleur de la cuisine basque<\/strong>\u00a0tous au long de l\u2019ann\u00e9e : morue \u00e0 la sauce pil-pil, gilda, merlu \u00e0 la sauce verte ou marmitako, petits calmars \u00e0 l\u2019encre, parmi de nombreux autres plats et\u00a0<em>pintxos<\/em>typiques de la gastronomie du nord du pays. Vous ne savez pas quoi choisir ? Laissez-vous conseiller par notre personnel sp\u00e9cialis\u00e9 et \u00e9merveillez-vous !<\/p>\n<h2>Zarautz et ses environs<\/h2>\n<p>D\u2019autre part, Zarautz et ses environs offrent aux visiteurs de nombreuses possibilit\u00e9s de loisirs \u00e0 appr\u00e9cier pendant leur s\u00e9jour dans notre camping. Pour des informations plus d\u00e9taill\u00e9es, veuillez contacter le personnel de Gran Zarautz.<\/p>\n<p>En bref, au\u00a0<strong>camping Gran Zarautz<\/strong>, vous passerez quelques jours dans un\u00a0<strong>h\u00e9bergement<\/strong>inoubliable. Contactez-nous et nous r\u00e9pondrons \u00e0 toutes vos questions. Choisissez votre saison id\u00e9ale et consultez nos tarifs. Nous vous attendons<\/p>\n<h2>Jetons un coup d\u2019\u0153il aux activit\u00e9s les plus marquantes<\/h2>\n<p>Zarautz et ses environs offrent de nombreuses options de loisirs avec lequel vous pourrez profiter de votre s\u00e9jour dans notre site.<\/p>\n<h2>Surf<\/h2>\n<p>Nous proposons des cours sp\u00e9cifiques et un service de location de mat\u00e9riel.<\/p>\n<ul>\n<li><strong>GOOD PEOPLE SURF:<\/strong>\u00a0943536627 \/ info@goodpeoplesurf.com<\/li>\n<li><strong>AXI MUNIAIN SURF ESKOLA:<\/strong>\u00a0943835648 \/ axisurfschool@gmail.com<\/li>\n<li><strong>MOOR SURF ESKOLA:<\/strong>\u00a0943020894 \/ info@moorsurfeskola.com<\/li>\n<li><strong>PUKAS SURF ESKOLA:<\/strong>\u00a0943835821 \/ zarautz@pukassurfeskola.co<strong>m<\/strong><\/li>\n<li><strong>SHELTER SURF by ARITZ ARANBURU:<\/strong>\u00a0684457531 \/ info@shelter.surf<\/li>\n<\/ul>\n<h2>SUP<\/h2>\n<p>Organis\u00e9 Pukas Surf Eskola et C4 SUP Center.<\/p>\n<ul>\n<li><strong>C4 SUP CENTER:<\/strong>\u00a0943104291 \/ info@c4supcenter.com<\/li>\n<li><strong>PUKAS SURF ESKOLA:<\/strong>\u00a0943890636<\/li>\n<\/ul>\n<h2>Activit\u00e9s sous-marines<\/h2>\n<p>Un choix id\u00e9al si vous aimez les sports aquatiques.<\/p>\n<ul>\n<li><strong>ALITAN:<\/strong>\u00a0943132647 \/ alitan-sub@alitan-sub.com<\/li>\n<\/ul>\n<h2>Services touristiques et culturels<\/h2>\n<p>Envie de profiter de tout ce que la r\u00e9gion de Zarautz a \u00e0 offrir ? Choisissez l\u2019un des nombreux itin\u00e9raires touristiques et laissez-vous s\u00e9duire par les meilleures offres culturelles.<\/p>\n<ul>\n<li><strong>ARAZI.:<\/strong>\u00a0943833641 \/ arazi@arazi-itk.com<\/li>\n<li><strong>KULTURLAN BI S.L.:<\/strong>\u00a0943131418 \/ kulturlanbi@kulturlanbi.com<\/li>\n<\/ul>\n<h2>Parapente<\/h2>\n<p>Uniquement pour les amateurs de sports extr\u00eames !<\/p>\n<ul>\n<li><strong>URRUTI SPORT:<\/strong>\u00a0629436866<\/li>\n<li><strong>BIPLAZAS:\u00a0<\/strong>JOSU 678562746<\/li>\n<\/ul>\n<h2>Paintball<\/h2>\n<p>Organis\u00e9 par Lubaki Zarautz.<\/p>\n<ul>\n<li><strong>LUBAKI ZARAUTZ:<\/strong>\u00a0605897018 \/ www.lubakipaintballzarautz.com<\/li>\n<\/ul>\n<h2>Excursions en bateau<\/h2>\n<p>C\u2019est, sans aucun doute, l\u2019une des activit\u00e9s pr\u00e9f\u00e9r\u00e9es de nos h\u00f4tes. Vous pourrez profiter d\u2019une vue imprenable sur la mer et les montagnes tout au long de l\u2019ann\u00e9e.<\/p>\n<ul>\n<li><strong>GETARI CHARTER:<\/strong>\u00a0600521822<\/li>\n<li><strong>CHARTER PROBANZA ZUMAIA VELERO:<\/strong>\u00a0665 724 870 \/ nautica.floren@probanza.es<\/li>\n<li><strong>BEGI-BISTAN:<\/strong>\u00a0657 794 677 \/ www.begi-bistan.com<\/li>\n<\/ul>\n<h2>Excursions en bateau<\/h2>\n<p>La d\u00e9gustation de vin, c\u2019est votre truc ? Demandez nous.<\/p>\n<ul>\n<li><strong>TALAIBERRI:<\/strong>\u00a0943132750 \/ info@talaiberri.com<\/li>\n<li><strong>REZABAL:<\/strong>\u00a0943580899 \/ info@txakolirezabal.com<\/li>\n<\/ul>\n<h2>Visites aux parcs naturels<\/h2>\n<p>Le parc naturel de Pagoeta et la route du Flysch \u00e0 Zumaia sont des sites \u00e0 ne pas manquer.<\/p>\n<ul>\n<li><strong>PARQUE NATURAL DE PAGOETA<\/strong>\u00a0(Aia)<\/li>\n<li><strong>RUTA DEL FLYSCH<\/strong>\u00a0(Zumaia)<\/li>\n<\/ul>\n<h2>Mus\u00e9es<\/h2>\n<p>Ne loupez pas les incontournables : Guggenheim, San Telmo, l\u2019Aquarium, Balenciaga\u2026<\/p>\n<ul>\n<li><strong>PHOTOMUSEUM ZARAUTZ:<\/strong>\u00a0943130906 \/ www.photomuseum.name<\/li>\n<li><strong>SANTA MARIA LA REAL:<\/strong>\u00a0www.menosca.com<\/li>\n<li><strong>BALENCIAGA<\/strong>\u00a0( Getaria )<\/li>\n<li><strong>SAN TELMO<\/strong>\u00a0( Donostia\/San Sebasti\u00e1n )<\/li>\n<li><strong>GUGGENHEIM<\/strong>\u00a0( Bilbao )<\/li>\n<li><strong>AQUARIUM<\/strong>\u00a0( Donostia\/San Sebasti\u00e1n )<\/li>\n<\/ul>\n<h2>Office de tourisme zarautz<\/h2>\n<p>943 83 09 90 \/ turismoa@zarautz.org<\/p>\n<h2>Renseignement touristique<\/h2>\n<ul>\n<li>www.gipuzkoaturismoa.eus<\/li>\n<li>www.turismozarautz.eus<\/li>\n<\/ul>\n","protected":false},"excerpt":{"rendered":"<p>GRAN CAMPING ZARAUTZ ACTIVIT\u00c9S Camping Kids Club Enfant Animations pour les enfants tous les jours avec moniteurs. Lundi-vendredi:\u00a010:30-12:30Week-end:\u00a010:30-12:30 Vous recherchez la paix et la tranquillit\u00e9 combin\u00e9es au frisson des vagues et du surf ? Le\u00a0Gran Camping Zarautz\u00a0est votre choix id\u00e9al ! Situ\u00e9es dans une enclave fantastique pr\u00e8s de la fronti\u00e8re fran\u00e7aise, nos installations disposent de [&hellip;]<\/p>\n","protected":false},"author":1,"featured_media":0,"parent":0,"menu_order":0,"comment_status":"closed","ping_status":"closed","template":"elementor_header_footer","meta":{"footnotes":""},"class_list":["post-10266","page","type-page","status-publish","hentry"],"yoast_head":"<!-- This site is optimized with the Yoast SEO plugin v25.9 - https:\/\/yoast.com\/wordpress\/plugins\/seo\/ -->\n<title>Activit\u00e9s - Gran Camping Zarautz<\/title>\n<meta name=\"robots\" content=\"index, follow, max-snippet:-1, max-image-preview:large, max-video-preview:-1\" \/>\n<link rel=\"canonical\" href=\"https:\/\/www.grancampingzarautz.com\/fr\/activites\/\" \/>\n<meta property=\"og:locale\" content=\"fr_FR\" \/>\n<meta property=\"og:type\" content=\"article\" \/>\n<meta property=\"og:title\" content=\"Activit\u00e9s - Gran Camping Zarautz\" \/>\n<meta property=\"og:description\" content=\"GRAN CAMPING ZARAUTZ ACTIVIT\u00c9S Camping Kids Club Enfant Animations pour les enfants tous les jours avec moniteurs. Lundi-vendredi:\u00a010:30-12:30Week-end:\u00a010:30-12:30 Vous recherchez la paix et la tranquillit\u00e9 combin\u00e9es au frisson des vagues et du surf ? Le\u00a0Gran Camping Zarautz\u00a0est votre choix id\u00e9al ! Situ\u00e9es dans une enclave fantastique pr\u00e8s de la fronti\u00e8re fran\u00e7aise, nos installations disposent de [&hellip;]\" \/>\n<meta property=\"og:url\" content=\"https:\/\/www.grancampingzarautz.com\/fr\/activites\/\" \/>\n<meta property=\"og:site_name\" content=\"Gran Camping Zarautz\" \/>\n<meta property=\"article:modified_time\" content=\"2024-05-06T17:55:47+00:00\" \/>\n<meta property=\"og:image\" content=\"https:\/\/www.grancampingzarautz.com\/wp-content\/uploads\/2022\/07\/kids-zone.jpg\" \/>\n<meta name=\"twitter:card\" content=\"summary_large_image\" \/>\n<meta name=\"twitter:label1\" content=\"Dur\u00e9e de lecture estim\u00e9e\" \/>\n\t<meta name=\"twitter:data1\" content=\"4 minutes\" \/>\n<script type=\"application\/ld+json\" class=\"yoast-schema-graph\">{\"@context\":\"https:\/\/schema.org\",\"@graph\":[{\"@type\":\"WebPage\",\"@id\":\"https:\/\/www.grancampingzarautz.com\/fr\/activites\/\",\"url\":\"https:\/\/www.grancampingzarautz.com\/fr\/activites\/\",\"name\":\"Activit\u00e9s - Gran Camping Zarautz\",\"isPartOf\":{\"@id\":\"https:\/\/www.grancampingzarautz.com\/fr\/#website\"},\"primaryImageOfPage\":{\"@id\":\"https:\/\/www.grancampingzarautz.com\/fr\/activites\/#primaryimage\"},\"image\":{\"@id\":\"https:\/\/www.grancampingzarautz.com\/fr\/activites\/#primaryimage\"},\"thumbnailUrl\":\"https:\/\/www.grancampingzarautz.com\/wp-content\/uploads\/2022\/07\/kids-zone.jpg\",\"datePublished\":\"2024-04-10T16:03:41+00:00\",\"dateModified\":\"2024-05-06T17:55:47+00:00\",\"breadcrumb\":{\"@id\":\"https:\/\/www.grancampingzarautz.com\/fr\/activites\/#breadcrumb\"},\"inLanguage\":\"fr-FR\",\"potentialAction\":[{\"@type\":\"ReadAction\",\"target\":[\"https:\/\/www.grancampingzarautz.com\/fr\/activites\/\"]}]},{\"@type\":\"ImageObject\",\"inLanguage\":\"fr-FR\",\"@id\":\"https:\/\/www.grancampingzarautz.com\/fr\/activites\/#primaryimage\",\"url\":\"https:\/\/www.grancampingzarautz.com\/wp-content\/uploads\/2022\/07\/kids-zone.jpg\",\"contentUrl\":\"https:\/\/www.grancampingzarautz.com\/wp-content\/uploads\/2022\/07\/kids-zone.jpg\"},{\"@type\":\"BreadcrumbList\",\"@id\":\"https:\/\/www.grancampingzarautz.com\/fr\/activites\/#breadcrumb\",\"itemListElement\":[{\"@type\":\"ListItem\",\"position\":1,\"name\":\"Portada\",\"item\":\"https:\/\/www.grancampingzarautz.com\/fr\/\"},{\"@type\":\"ListItem\",\"position\":2,\"name\":\"Activit\u00e9s\"}]},{\"@type\":\"WebSite\",\"@id\":\"https:\/\/www.grancampingzarautz.com\/fr\/#website\",\"url\":\"https:\/\/www.grancampingzarautz.com\/fr\/\",\"name\":\"Gran Camping Zarautz\",\"description\":\"Camping abierto todo el a\u00f1o\",\"publisher\":{\"@id\":\"https:\/\/www.grancampingzarautz.com\/fr\/#organization\"},\"potentialAction\":[{\"@type\":\"SearchAction\",\"target\":{\"@type\":\"EntryPoint\",\"urlTemplate\":\"https:\/\/www.grancampingzarautz.com\/fr\/?s={search_term_string}\"},\"query-input\":{\"@type\":\"PropertyValueSpecification\",\"valueRequired\":true,\"valueName\":\"search_term_string\"}}],\"inLanguage\":\"fr-FR\"},{\"@type\":\"Organization\",\"@id\":\"https:\/\/www.grancampingzarautz.com\/fr\/#organization\",\"name\":\"Gran Camping Zarautz\",\"url\":\"https:\/\/www.grancampingzarautz.com\/fr\/\",\"logo\":{\"@type\":\"ImageObject\",\"inLanguage\":\"fr-FR\",\"@id\":\"https:\/\/www.grancampingzarautz.com\/fr\/#\/schema\/logo\/image\/\",\"url\":\"https:\/\/www.grancampingzarautz.com\/wp-content\/uploads\/2024\/07\/logo.svg\",\"contentUrl\":\"https:\/\/www.grancampingzarautz.com\/wp-content\/uploads\/2024\/07\/logo.svg\",\"width\":255,\"height\":246,\"caption\":\"Gran Camping Zarautz\"},\"image\":{\"@id\":\"https:\/\/www.grancampingzarautz.com\/fr\/#\/schema\/logo\/image\/\"}}]}<\/script>\n<!-- \/ Yoast SEO plugin. -->","yoast_head_json":{"title":"Activit\u00e9s - Gran Camping Zarautz","robots":{"index":"index","follow":"follow","max-snippet":"max-snippet:-1","max-image-preview":"max-image-preview:large","max-video-preview":"max-video-preview:-1"},"canonical":"https:\/\/www.grancampingzarautz.com\/fr\/activites\/","og_locale":"fr_FR","og_type":"article","og_title":"Activit\u00e9s - Gran Camping Zarautz","og_description":"GRAN CAMPING ZARAUTZ ACTIVIT\u00c9S Camping Kids Club Enfant Animations pour les enfants tous les jours avec moniteurs. Lundi-vendredi:\u00a010:30-12:30Week-end:\u00a010:30-12:30 Vous recherchez la paix et la tranquillit\u00e9 combin\u00e9es au frisson des vagues et du surf ? Le\u00a0Gran Camping Zarautz\u00a0est votre choix id\u00e9al ! Situ\u00e9es dans une enclave fantastique pr\u00e8s de la fronti\u00e8re fran\u00e7aise, nos installations disposent de [&hellip;]","og_url":"https:\/\/www.grancampingzarautz.com\/fr\/activites\/","og_site_name":"Gran Camping Zarautz","article_modified_time":"2024-05-06T17:55:47+00:00","og_image":[{"url":"https:\/\/www.grancampingzarautz.com\/wp-content\/uploads\/2022\/07\/kids-zone.jpg","type":"","width":"","height":""}],"twitter_card":"summary_large_image","twitter_misc":{"Dur\u00e9e de lecture estim\u00e9e":"4 minutes"},"schema":{"@context":"https:\/\/schema.org","@graph":[{"@type":"WebPage","@id":"https:\/\/www.grancampingzarautz.com\/fr\/activites\/","url":"https:\/\/www.grancampingzarautz.com\/fr\/activites\/","name":"Activit\u00e9s - Gran Camping Zarautz","isPartOf":{"@id":"https:\/\/www.grancampingzarautz.com\/fr\/#website"},"primaryImageOfPage":{"@id":"https:\/\/www.grancampingzarautz.com\/fr\/activites\/#primaryimage"},"image":{"@id":"https:\/\/www.grancampingzarautz.com\/fr\/activites\/#primaryimage"},"thumbnailUrl":"https:\/\/www.grancampingzarautz.com\/wp-content\/uploads\/2022\/07\/kids-zone.jpg","datePublished":"2024-04-10T16:03:41+00:00","dateModified":"2024-05-06T17:55:47+00:00","breadcrumb":{"@id":"https:\/\/www.grancampingzarautz.com\/fr\/activites\/#breadcrumb"},"inLanguage":"fr-FR","potentialAction":[{"@type":"ReadAction","target":["https:\/\/www.grancampingzarautz.com\/fr\/activites\/"]}]},{"@type":"ImageObject","inLanguage":"fr-FR","@id":"https:\/\/www.grancampingzarautz.com\/fr\/activites\/#primaryimage","url":"https:\/\/www.grancampingzarautz.com\/wp-content\/uploads\/2022\/07\/kids-zone.jpg","contentUrl":"https:\/\/www.grancampingzarautz.com\/wp-content\/uploads\/2022\/07\/kids-zone.jpg"},{"@type":"BreadcrumbList","@id":"https:\/\/www.grancampingzarautz.com\/fr\/activites\/#breadcrumb","itemListElement":[{"@type":"ListItem","position":1,"name":"Portada","item":"https:\/\/www.grancampingzarautz.com\/fr\/"},{"@type":"ListItem","position":2,"name":"Activit\u00e9s"}]},{"@type":"WebSite","@id":"https:\/\/www.grancampingzarautz.com\/fr\/#website","url":"https:\/\/www.grancampingzarautz.com\/fr\/","name":"Gran Camping Zarautz","description":"Camping abierto todo el a\u00f1o","publisher":{"@id":"https:\/\/www.grancampingzarautz.com\/fr\/#organization"},"potentialAction":[{"@type":"SearchAction","target":{"@type":"EntryPoint","urlTemplate":"https:\/\/www.grancampingzarautz.com\/fr\/?s={search_term_string}"},"query-input":{"@type":"PropertyValueSpecification","valueRequired":true,"valueName":"search_term_string"}}],"inLanguage":"fr-FR"},{"@type":"Organization","@id":"https:\/\/www.grancampingzarautz.com\/fr\/#organization","name":"Gran Camping Zarautz","url":"https:\/\/www.grancampingzarautz.com\/fr\/","logo":{"@type":"ImageObject","inLanguage":"fr-FR","@id":"https:\/\/www.grancampingzarautz.com\/fr\/#\/schema\/logo\/image\/","url":"https:\/\/www.grancampingzarautz.com\/wp-content\/uploads\/2024\/07\/logo.svg","contentUrl":"https:\/\/www.grancampingzarautz.com\/wp-content\/uploads\/2024\/07\/logo.svg","width":255,"height":246,"caption":"Gran Camping Zarautz"},"image":{"@id":"https:\/\/www.grancampingzarautz.com\/fr\/#\/schema\/logo\/image\/"}}]}},"_links":{"self":[{"href":"https:\/\/www.grancampingzarautz.com\/fr\/wp-json\/wp\/v2\/pages\/10266","targetHints":{"allow":["GET"]}}],"collection":[{"href":"https:\/\/www.grancampingzarautz.com\/fr\/wp-json\/wp\/v2\/pages"}],"about":[{"href":"https:\/\/www.grancampingzarautz.com\/fr\/wp-json\/wp\/v2\/types\/page"}],"author":[{"embeddable":true,"href":"https:\/\/www.grancampingzarautz.com\/fr\/wp-json\/wp\/v2\/users\/1"}],"replies":[{"embeddable":true,"href":"https:\/\/www.grancampingzarautz.com\/fr\/wp-json\/wp\/v2\/comments?post=10266"}],"version-history":[{"count":0,"href":"https:\/\/www.grancampingzarautz.com\/fr\/wp-json\/wp\/v2\/pages\/10266\/revisions"}],"wp:attachment":[{"href":"https:\/\/www.grancampingzarautz.com\/fr\/wp-json\/wp\/v2\/media?parent=10266"}],"curies":[{"name":"wp","href":"https:\/\/api.w.org\/{rel}","templated":true}]}}