{"id":4850,"date":"2016-04-04T14:23:06","date_gmt":"2016-04-04T14:23:06","guid":{"rendered":"http:\/\/www.campingzarautz.com\/gran-camping-zarautz-urte-osoan-irekita\/"},"modified":"2023-06-30T08:58:00","modified_gmt":"2023-06-30T08:58:00","slug":"gran-camping-zarautz-urte-osoan-irekita","status":"publish","type":"page","link":"https:\/\/www.grancampingzarautz.com\/eu\/gran-camping-zarautz-urte-osoan-irekita\/","title":{"rendered":"Gran Camping Zarautz, Urte osoan irekita"},"content":{"rendered":"<p>[vc_row el_class=&#8221;zindex100000&#8243;][vc_column][rev_slider slidertitle=&#8221;Home 4&#8243; alias=&#8221;home-4&#8243;][vc_row_inner content_width=&#8221;grid&#8221;][vc_column_inner el_class=&#8221;reservasobreslider&#8221;][vc_raw_html]JTNDZGl2JTIwaWQlM0QlMjJ3aWRnZXRCb29raW5nQ29udGFpbmVyJTIyJTNFJTNDJTJGZGl2JTNF[\/vc_raw_html][\/vc_column_inner][\/vc_row_inner][\/vc_column][\/vc_row][vc_row row_type=&#8221;parallax&#8221; content_width=&#8221;grid&#8221; content_aligment=&#8221;center&#8221; full_screen_section_height=&#8221;no&#8221; section_height=&#8221;630px&#8221; css=&#8221;.vc_custom_1651829630584{background: #000000 url(https:\/\/www.grancampingzarautz.com\/wp-content\/uploads\/2022\/05\/camping-video-conocenos-fondo.jpg?id=4821) !important;}&#8221;][vc_column][mkdf_elements_holder][mkdf_elements_holder_item item_padding=&#8221;16% 0 15% 0&#8243; horizontal_aligment=&#8221;center&#8221; item_padding_1024_1280=&#8221;14% 0 13% 0&#8243; item_padding_480_600=&#8221;25% 0 13% 0&#8243; item_padding_480=&#8221;25% 0 13% 0&#8243;][mkdf_video_button video_link=&#8221;https:\/\/youtu.be\/5gUNtfsMnrA&#8221; title=&#8221;Ezagutu gaitzazu&#8221; title_style=&#8221;light&#8221;][\/mkdf_elements_holder_item][\/mkdf_elements_holder][\/vc_column][\/vc_row][vc_row content_width=&#8221;grid&#8221; css=&#8221;.vc_custom_1647359286173{padding-top: 80px !important;padding-bottom: 80px !important;background-color: #ebefef !important;}&#8221;][vc_column width=&#8221;1\/2&#8243;][vc_single_image image=&#8221;3201&#8243; img_size=&#8221;full&#8221; css_animation=&#8221;fadeInLeft&#8221;][\/vc_column][vc_column width=&#8221;1\/2&#8243;][vc_column_text el_class=&#8221;title&#8221;]<\/p>\n<h1>Abierto todo el a\u00f1o<\/h1>\n<p>[\/vc_column_text][vc_column_text el_class=&#8221;subtitle&#8221;]Gure kanpina irekita egoten da urteko 12 hilabeteetan. Mundu osoko bisitak jasotzen ditugu urtaro guztietan.[\/vc_column_text][vc_column_text]<\/p>\n<p style=\"text-align: left;\">Llevamos casi seis d\u00e9cadas ofreciendo nuestros servicios a todo tipo de campistas. Actualmente, somos el <strong>camping de Euskadi m\u00e1s grande<\/strong> que abre durante todo el a\u00f1o. En la Gala de Campings de Espa\u00f1a 2021 organizada por la Federaci\u00f3n Espa\u00f1ola de Campings nos otorgaron el galard\u00f3n a <strong>Mejor Camping Abierto Todo el A\u00f1o de 2021<\/strong>.<\/p>\n<p>[\/vc_column_text][\/vc_column][\/vc_row][vc_row row_type=&#8221;parallax&#8221; content_width=&#8221;grid&#8221; content_aligment=&#8221;center&#8221; full_screen_section_height=&#8221;no&#8221; css=&#8221;.vc_custom_1647530287250{padding-top: 50px !important;padding-bottom: 50px !important;background: #ebefef url(https:\/\/www.grancampingzarautz.com\/wp-content\/uploads\/2022\/03\/arboles-camping-fondo-azul.jpg?id=3208) !important;background-position: center !important;background-repeat: no-repeat !important;background-size: cover !important;}&#8221;][vc_column][vc_row_inner css=&#8221;.vc_custom_1647532732517{margin-bottom: 0px !important;padding-bottom: 0px !important;}&#8221;][vc_column_inner width=&#8221;1\/2&#8243;][\/vc_column_inner][vc_column_inner width=&#8221;1\/2&#8243;][vc_column_text el_class=&#8221;title colorwhite&#8221;]<\/p>\n<h2>Nuestros alojamientos<\/h2>\n<p>[\/vc_column_text][vc_column_text el_class=&#8221;colorwhite&#8221;]Bi aukera dituzu eskura:[\/vc_column_text][\/vc_column_inner][\/vc_row_inner][vc_row_inner css=&#8221;.vc_custom_1647532834221{margin-top: 0px !important;padding-top: 15px !important;}&#8221;][vc_column_inner width=&#8221;1\/2&#8243;][\/vc_column_inner][vc_column_inner width=&#8221;1\/4&#8243;][vc_hoverbox image=&#8221;3224&#8243; primary_title=&#8221;Partzelak&#8221; hover_title=&#8221;&#8221; shape=&#8221;square&#8221; hover_btn_title=&#8221;Ikusi tarifak&#8221; hover_btn_color=&#8221;primary&#8221; hover_add_button=&#8221;true&#8221; hover_btn_link=&#8221;url:https%3A%2F%2Fwww.grancampingzarautz.com%2Fparcelas%2F|title:Tarifak|&#8221;]Ditugun <strong>450 partzeletako<\/strong> bat erreserbatu dezakezu zure kanpadenda jartzeko. Edo karabanarekin edo autokarabanarekin bazatoz, gure instalazioak guztiz irisgarriak dira.[\/vc_hoverbox][\/vc_column_inner][vc_column_inner width=&#8221;1\/4&#8243;][vc_hoverbox image=&#8221;3226&#8243; primary_title=&#8221;Glamping&#8221; hover_title=&#8221;&#8221; shape=&#8221;square&#8221; hover_btn_title=&#8221;Informazio gehiago&#8221; hover_btn_color=&#8221;primary&#8221; hover_add_button=&#8221;true&#8221; hover_btn_link=&#8221;url:https%3A%2F%2Fwww.grancampingzarautz.com%2Fglamping%2F|title:Glamping|&#8221;]Bi, lau eta bost pertsonarentzako <strong>Glamping<\/strong>etxolak aurkituko dituzu, ihesaldi erromantiko batez zein familiako edo lagunarteko bisita batez gozatzeko aproposak.[\/vc_hoverbox][\/vc_column_inner][\/vc_row_inner][vc_row_inner css=&#8221;.vc_custom_1647532677228{margin-bottom: 0px !important;padding-top: 30px !important;padding-bottom: 0px !important;}&#8221;][vc_column_inner width=&#8221;1\/2&#8243; css=&#8221;.vc_custom_1647530058744{padding-top: 30% !important;}&#8221;][\/vc_column_inner][vc_column_inner width=&#8221;1\/2&#8243;][vc_btn title=&#8221;Kanpinaren mapa ikusi&#8221; color=&#8221;default&#8221; size=&#8221;lg&#8221; align=&#8221;center&#8221; i_icon_fontawesome=&#8221;far fa-map&#8221; button_block=&#8221;true&#8221; add_icon=&#8221;true&#8221; link=&#8221;url:%2Fwp-content%2Fuploads%2F2016%2F04%2Fmapa-camping.pdf|target:_blank|&#8221;][\/vc_column_inner][\/vc_row_inner][\/vc_column][\/vc_row][vc_row content_width=&#8221;grid&#8221; css=&#8221;.vc_custom_1647359286173{padding-top: 80px !important;padding-bottom: 80px !important;background-color: #ebefef !important;}&#8221;][vc_column width=&#8221;1\/2&#8243;][vc_column_text el_class=&#8221;title&#8221;]<\/p>\n<h2>Todos los servicios de nuestro camping<\/h2>\n<p>[\/vc_column_text][vc_column_text]Ofrecemos todo tipo de servicios para poder disfrutar de <strong>la vida de camping<\/strong> durante todo el a\u00f1o:<\/p>\n<p>Disponemos de <strong>bar-restaurante<\/strong>, <strong>supermercado<\/strong>, <strong>cuartos de ba\u00f1o calefactados<\/strong> y <strong>duchas con agua caliente<\/strong>, <strong>lavander\u00eda<\/strong>, <strong>zona de barbacoas<\/strong>, <strong>parque infantil<\/strong>, <strong>zona de deporte<\/strong>, <strong>WIFI gratuito<\/strong>, <strong>gimnasio<\/strong>, <strong>ludoteca<\/strong>\u2026[\/vc_column_text][vc_btn title=&#8221;Ikusi gure zerbitzuak&#8221; color=&#8221;primary&#8221; size=&#8221;lg&#8221; css=&#8221;.vc_custom_1648568289059{margin-top: 15px !important;}&#8221; link=&#8221;url:https%3A%2F%2Fwww.grancampingzarautz.com%2Fservicios-e-instalaciones%2F|title:Zerbitzuak%20eta%20instalazioak|&#8221;][\/vc_column][vc_column width=&#8221;1\/2&#8243;][vc_gallery type=&#8221;flexslider_slide&#8221; interval=&#8221;3&#8243; images=&#8221;3678,3395,3248,3249,3250,3251,3252,3253,3254,3255,3256,3257,3258,3259,5959&#8243; img_size=&#8221;full&#8221; onclick=&#8221;&#8221; css_animation=&#8221;fadeInRight&#8221;][\/vc_column][\/vc_row][vc_row css=&#8221;.vc_custom_1647536796191{padding-top: 120px !important;padding-bottom: 120px !important;background-image: url(https:\/\/www.grancampingzarautz.com\/wp-content\/uploads\/2022\/03\/surfista-amanecer-zarautz-naranja2.jpg?id=3243) !important;background-position: center !important;background-repeat: no-repeat !important;background-size: cover !important;}&#8221;][vc_column][vc_row_inner content_width=&#8221;grid&#8221;][vc_column_inner width=&#8221;1\/2&#8243;][vc_column_text el_class=&#8221;title colorwhite&#8221;]<\/p>\n<h2>Surf en estado puro<\/h2>\n<p>[\/vc_column_text][vc_column_text el_class=&#8221;subtitle colorblack&#8221;]Gustuko duzu olatuak zure ohol gainean jarrita zeharkatzea?[\/vc_column_text][vc_column_text el_class=&#8221;colorblack&#8221;]Orduan, seguru baduzula Z<strong>arauzko hondartzen<\/strong> berri. Zalantzarik gabe, surfaz gozatzeko leku ezin hobea da. Zure eskura jartzen dugu <strong>ekipamendua alokatzeko zerbitzua<\/strong>, zurea etxetik ekarri beharrik ere izan ez dezazun.[\/vc_column_text][vc_btn title=&#8221;Gertuko jarduerak&#8221; color=&#8221;default&#8221; size=&#8221;lg&#8221; css=&#8221;.vc_custom_1648568304138{margin-top: 15px !important;}&#8221; link=&#8221;url:https%3A%2F%2Fwww.grancampingzarautz.com%2Factividades%2F|title:Jarduerak|&#8221;][\/vc_column_inner][vc_column_inner width=&#8221;1\/2&#8243;][\/vc_column_inner][\/vc_row_inner][\/vc_column][\/vc_row][vc_row disable_element=&#8221;yes&#8221; row_type=&#8221;parallax&#8221; content_width=&#8221;grid&#8221; content_aligment=&#8221;center&#8221; full_screen_section_height=&#8221;no&#8221; section_height=&#8221;630px&#8221; css=&#8221;.vc_custom_1651830653395{background: #000000 url(https:\/\/www.grancampingzarautz.com\/wp-content\/uploads\/2022\/03\/camping-vista-aerea.jpg?id=3203) !important;}&#8221;][vc_column][mkdf_elements_holder][mkdf_elements_holder_item item_padding=&#8221;16% 0 15% 0&#8243; horizontal_aligment=&#8221;center&#8221; item_padding_1024_1280=&#8221;14% 0 13% 0&#8243; item_padding_480_600=&#8221;25% 0 13% 0&#8243; item_padding_480=&#8221;25% 0 13% 0&#8243;][mkdf_video_button video_link=&#8221;https:\/\/youtu.be\/9InOOdVdFgk&#8221; title=&#8221;Aireko bista&#8221; title_style=&#8221;light&#8221;][\/mkdf_elements_holder_item][\/mkdf_elements_holder][\/vc_column][\/vc_row][vc_row content_width=&#8221;grid&#8221; css=&#8221;.vc_custom_1647537052591{padding-top: 80px !important;padding-bottom: 80px !important;}&#8221;][vc_column width=&#8221;2\/3&#8243; css=&#8221;.vc_custom_1647526297057{padding-right: 8% !important;}&#8221;][vc_column_text el_class=&#8221;title&#8221;]<\/p>\n<h2>\u00bfD\u00f3nde estamos?<\/h2>\n<p>[\/vc_column_text][vc_column_text]En mitad de un paraje natural sin comparaci\u00f3n en el norte de Espa\u00f1a. Se trata, en concreto, de la <strong>colina de Talai Mendi<\/strong>, la cual permite a nuestros usuarios disfrutar de vistas al mar y a la monta\u00f1a de manera simult\u00e1nea. \u00bfQuieres contemplarlas con tus propios ojos? Pues lo \u00fanico que tienes que hacer es reservar una plaza para las fechas que mejor te vengan.<\/p>\n<p>La colina de Talai Mendi forma parte del <strong>biotipo protegido de Zarautz<\/strong>. Se trata de un \u00e1rea de gran valor natural que se encuentra protegida por el Gobierno Vasco. De hecho, recibe la consideraci\u00f3n de reserva natural.[\/vc_column_text][vc_empty_space height=&#8221;45&#8243;][vc_column_text el_class=&#8221;title&#8221;]<\/p>\n<h2>Francia, Bilbao y San Sebasti\u00e1n al alcance de tu mano<\/h2>\n<p>[\/vc_column_text][vc_column_text]Ez ahaztu, gainera, <strong>Frantziako mugatik hurbilen dagoen kanpina garela, Euskal Herrian urte osoan irekita dagoena<\/strong>. Gainera, Bilbo eta Donostia ezagutzeko puntu estrategiko batean gaude. Donejakue Bidearen Iparraldeko Bidea egiten duten erromesentzat ere ohiko geralekua gara. Bide guztiak igarotzen dira hemendik![\/vc_column_text][\/vc_column][vc_column width=&#8221;1\/3&#8243; css=&#8221;.vc_custom_1647526368230{padding-top: 0px !important;padding-right: 0px !important;padding-bottom: 0px !important;padding-left: 0px !important;}&#8221;][vc_row_inner][vc_column_inner css=&#8221;.vc_custom_1461241829224{padding-right: 7% !important;padding-left: 7% !important;}&#8221;][vc_raw_html]JTNDaWZyYW1lJTIwc3JjJTNEJTIyaHR0cHMlM0ElMkYlMkZ3d3cuZ29vZ2xlLmNvbSUyRm1hcHMlMkZlbWJlZCUzRnBiJTNEJTIxMW0xOCUyMTFtMTIlMjExbTMlMjExZDI5MDQuMTY4NTQ3MzI3MzE4JTIxMmQtMi4xNDg1NDU2ODQyMzA4NjIlMjEzZDQzLjI4OTc5MTg4Mzg3MTEyNSUyMTJtMyUyMTFmMCUyMTJmMCUyMTNmMCUyMTNtMiUyMTFpMTAyNCUyMTJpNzY4JTIxNGYxMy4xJTIxM20zJTIxMW0yJTIxMXMweGQ1MWM4MjNkNjFiMTJmZCUyNTNBMHg1MzA1NmNmZDU0ZmJmNmVkJTIxMnNHcmFuJTI1MjBDYW1waW5nJTI1MjBaYXJhdXR6JTIxNWUwJTIxM20yJTIxMXNlcyUyMTJzZXMlMjE0djE2NDc1MjYxMTAxNjglMjE1bTIlMjExc2VzJTIxMnNlcyUyMiUyMHdpZHRoJTNEJTIyMTAwJTI1JTIyJTIwaGVpZ2h0JTNEJTIyNDUwJTIyJTIwc3R5bGUlM0QlMjJib3JkZXIlM0EwJTNCJTIyJTIwYWxsb3dmdWxsc2NyZWVuJTNEJTIyJTIyJTIwbG9hZGluZyUzRCUyMmxhenklMjIlM0UlM0MlMkZpZnJhbWUlM0U=[\/vc_raw_html][\/vc_column_inner][\/vc_row_inner][\/vc_column][\/vc_row][vc_row content_aligment=&#8221;center&#8221; css=&#8221;.vc_custom_1647537042520{margin-top: 0px !important;margin-right: 0px !important;margin-bottom: 0px !important;margin-left: 0px !important;padding-top: 0px !important;padding-right: 0px !important;padding-bottom: 150px !important;padding-left: 0px !important;}&#8221;][vc_column css=&#8221;.vc_custom_1647361339433{margin-top: 0px !important;margin-right: 0px !important;margin-bottom: 0px !important;margin-left: 0px !important;padding-top: 0px !important;padding-right: 0px !important;padding-bottom: 0px !important;padding-left: 0px !important;}&#8221;][vc_raw_html]JTNDaWZyYW1lJTIwd2lkdGglM0QlMjIxMDAlMjUlMjIlMjBoZWlnaHQlM0QlMjI1MDAlMjIlMjBzcmMlM0QlMjJodHRwcyUzQSUyRiUyRndlYmNhbS5jYW1waW5nemFyYXV0ei5jb20lMkZsYXN0LXBpY3R1cmUtd2ViY2FtLnBocCUyMiUyMHNjcm9sbGluZyUzRCUyMm5vJTIyJTNFJTNDJTJGaWZyYW1lJTNF[\/vc_raw_html][vc_row_inner css=&#8221;.vc_custom_1652434860644{margin-top: -260px !important;}&#8221;][vc_column_inner][vc_column_text el_class=&#8221;title colorwhite&#8221;]<\/p>\n<h2 style=\"text-align: center;\">Zarautz en vivo<\/h2>\n<p>[\/vc_column_text][\/vc_column_inner][\/vc_row_inner][\/vc_column][\/vc_row][vc_row css=&#8221;.vc_custom_1648570710645{padding-top: 80px !important;padding-bottom: 80px !important;}&#8221;][vc_column][vc_row_inner content_width=&#8221;grid&#8221;][vc_column_inner width=&#8221;1\/12&#8243;][\/vc_column_inner][vc_column_inner width=&#8221;10\/12&#8243;][vc_gallery type=&#8221;image_grid&#8221; images=&#8221;3668,3664,3667,3703,5728,5883,6086&#8243; img_size=&#8221;full&#8221; onclick=&#8221;&#8221; el_class=&#8221;gallery-center&#8221;][\/vc_column_inner][vc_column_inner width=&#8221;1\/12&#8243;][\/vc_column_inner][\/vc_row_inner][\/vc_column][\/vc_row]<\/p>\n","protected":false},"excerpt":{"rendered":"<p>[vc_row el_class=&#8221;zindex100000&#8243;][vc_column][rev_slider slidertitle=&#8221;Home 4&#8243; alias=&#8221;home-4&#8243;][vc_row_inner content_width=&#8221;grid&#8221;][vc_column_inner el_class=&#8221;reservasobreslider&#8221;][vc_raw_html]JTNDZGl2JTIwaWQlM0QlMjJ3aWRnZXRCb29raW5nQ29udGFpbmVyJTIyJTNFJTNDJTJGZGl2JTNF[\/vc_raw_html][\/vc_column_inner][\/vc_row_inner][\/vc_column][\/vc_row][vc_row row_type=&#8221;parallax&#8221; content_width=&#8221;grid&#8221; content_aligment=&#8221;center&#8221; full_screen_section_height=&#8221;no&#8221; section_height=&#8221;630px&#8221; css=&#8221;.vc_custom_1651829630584{background: #000000 url(https:\/\/www.grancampingzarautz.com\/wp-content\/uploads\/2022\/05\/camping-video-conocenos-fondo.jpg?id=4821) !important;}&#8221;][vc_column][mkdf_elements_holder][mkdf_elements_holder_item item_padding=&#8221;16% 0 15% 0&#8243; horizontal_aligment=&#8221;center&#8221; item_padding_1024_1280=&#8221;14% 0 13% 0&#8243; item_padding_480_600=&#8221;25% 0 13% 0&#8243; item_padding_480=&#8221;25% 0 13% 0&#8243;][mkdf_video_button video_link=&#8221;https:\/\/youtu.be\/5gUNtfsMnrA&#8221; title=&#8221;Ezagutu gaitzazu&#8221; title_style=&#8221;light&#8221;][\/mkdf_elements_holder_item][\/mkdf_elements_holder][\/vc_column][\/vc_row][vc_row content_width=&#8221;grid&#8221; css=&#8221;.vc_custom_1647359286173{padding-top: 80px !important;padding-bottom: 80px !important;background-color: #ebefef !important;}&#8221;][vc_column width=&#8221;1\/2&#8243;][vc_single_image image=&#8221;3201&#8243; img_size=&#8221;full&#8221; css_animation=&#8221;fadeInLeft&#8221;][\/vc_column][vc_column width=&#8221;1\/2&#8243;][vc_column_text el_class=&#8221;title&#8221;] Abierto todo el a\u00f1o [&hellip;]<\/p>\n","protected":false},"author":1,"featured_media":4475,"parent":0,"menu_order":0,"comment_status":"closed","ping_status":"closed","template":"full-width.php","meta":{"footnotes":""},"class_list":["post-4850","page","type-page","status-publish","has-post-thumbnail","hentry"],"yoast_head":"<!-- This site is optimized with the Yoast SEO plugin v25.9 - https:\/\/yoast.com\/wordpress\/plugins\/seo\/ -->\n<title>Gure kanpina irekita egoten da urteko 12 hilabeteetan.<\/title>\n<meta name=\"description\" content=\"Gure kanpina irekita egoten da urteko 12 hilabeteetan. Mundu osoko bisitak jasotzen ditugu urtaro guztietan.\" \/>\n<meta name=\"robots\" content=\"index, follow, max-snippet:-1, max-image-preview:large, max-video-preview:-1\" \/>\n<link rel=\"canonical\" href=\"https:\/\/www.grancampingzarautz.com\/eu\/gran-camping-zarautz-urte-osoan-irekita\/\" \/>\n<meta property=\"og:locale\" content=\"eu_ES\" \/>\n<meta property=\"og:type\" content=\"article\" \/>\n<meta property=\"og:title\" content=\"Gure kanpina irekita egoten da urteko 12 hilabeteetan.\" \/>\n<meta property=\"og:description\" content=\"Gure kanpina irekita egoten da urteko 12 hilabeteetan. Mundu osoko bisitak jasotzen ditugu urtaro guztietan.\" \/>\n<meta property=\"og:url\" content=\"https:\/\/www.grancampingzarautz.com\/eu\/gran-camping-zarautz-urte-osoan-irekita\/\" \/>\n<meta property=\"og:site_name\" content=\"Gran Camping Zarautz\" \/>\n<meta property=\"article:modified_time\" content=\"2023-06-30T08:58:00+00:00\" \/>\n<meta property=\"og:image\" content=\"https:\/\/www.grancampingzarautz.com\/wp-content\/uploads\/2022\/03\/gran-camping-zarautz-inicio.jpg\" \/>\n\t<meta property=\"og:image:width\" content=\"450\" \/>\n\t<meta property=\"og:image:height\" content=\"450\" \/>\n\t<meta property=\"og:image:type\" content=\"image\/jpeg\" \/>\n<meta name=\"twitter:card\" content=\"summary_large_image\" \/>\n<meta name=\"twitter:label1\" content=\"Est. reading time\" \/>\n\t<meta name=\"twitter:data1\" content=\"4 minutes\" \/>\n<script type=\"application\/ld+json\" class=\"yoast-schema-graph\">{\"@context\":\"https:\/\/schema.org\",\"@graph\":[{\"@type\":\"WebPage\",\"@id\":\"https:\/\/www.grancampingzarautz.com\/eu\/gran-camping-zarautz-urte-osoan-irekita\/\",\"url\":\"https:\/\/www.grancampingzarautz.com\/eu\/gran-camping-zarautz-urte-osoan-irekita\/\",\"name\":\"Gure kanpina irekita egoten da urteko 12 hilabeteetan.\",\"isPartOf\":{\"@id\":\"https:\/\/www.grancampingzarautz.com\/eu\/#website\"},\"primaryImageOfPage\":{\"@id\":\"https:\/\/www.grancampingzarautz.com\/eu\/gran-camping-zarautz-urte-osoan-irekita\/#primaryimage\"},\"image\":{\"@id\":\"https:\/\/www.grancampingzarautz.com\/eu\/gran-camping-zarautz-urte-osoan-irekita\/#primaryimage\"},\"thumbnailUrl\":\"https:\/\/www.grancampingzarautz.com\/wp-content\/uploads\/2022\/03\/gran-camping-zarautz-inicio.jpg\",\"datePublished\":\"2016-04-04T14:23:06+00:00\",\"dateModified\":\"2023-06-30T08:58:00+00:00\",\"description\":\"Gure kanpina irekita egoten da urteko 12 hilabeteetan. Mundu osoko bisitak jasotzen ditugu urtaro guztietan.\",\"breadcrumb\":{\"@id\":\"https:\/\/www.grancampingzarautz.com\/eu\/gran-camping-zarautz-urte-osoan-irekita\/#breadcrumb\"},\"inLanguage\":\"eu-ES\",\"potentialAction\":[{\"@type\":\"ReadAction\",\"target\":[\"https:\/\/www.grancampingzarautz.com\/eu\/gran-camping-zarautz-urte-osoan-irekita\/\"]}]},{\"@type\":\"ImageObject\",\"inLanguage\":\"eu-ES\",\"@id\":\"https:\/\/www.grancampingzarautz.com\/eu\/gran-camping-zarautz-urte-osoan-irekita\/#primaryimage\",\"url\":\"https:\/\/www.grancampingzarautz.com\/wp-content\/uploads\/2022\/03\/gran-camping-zarautz-inicio.jpg\",\"contentUrl\":\"https:\/\/www.grancampingzarautz.com\/wp-content\/uploads\/2022\/03\/gran-camping-zarautz-inicio.jpg\",\"width\":450,\"height\":450},{\"@type\":\"BreadcrumbList\",\"@id\":\"https:\/\/www.grancampingzarautz.com\/eu\/gran-camping-zarautz-urte-osoan-irekita\/#breadcrumb\",\"itemListElement\":[{\"@type\":\"ListItem\",\"position\":1,\"name\":\"Portada\",\"item\":\"https:\/\/www.grancampingzarautz.com\/eu\/\"},{\"@type\":\"ListItem\",\"position\":2,\"name\":\"Gran Camping Zarautz, Urte osoan irekita\"}]},{\"@type\":\"WebSite\",\"@id\":\"https:\/\/www.grancampingzarautz.com\/eu\/#website\",\"url\":\"https:\/\/www.grancampingzarautz.com\/eu\/\",\"name\":\"Gran Camping Zarautz\",\"description\":\"Camping abierto todo el a\u00f1o\",\"publisher\":{\"@id\":\"https:\/\/www.grancampingzarautz.com\/eu\/#organization\"},\"potentialAction\":[{\"@type\":\"SearchAction\",\"target\":{\"@type\":\"EntryPoint\",\"urlTemplate\":\"https:\/\/www.grancampingzarautz.com\/eu\/?s={search_term_string}\"},\"query-input\":{\"@type\":\"PropertyValueSpecification\",\"valueRequired\":true,\"valueName\":\"search_term_string\"}}],\"inLanguage\":\"eu-ES\"},{\"@type\":\"Organization\",\"@id\":\"https:\/\/www.grancampingzarautz.com\/eu\/#organization\",\"name\":\"Gran Camping Zarautz\",\"url\":\"https:\/\/www.grancampingzarautz.com\/eu\/\",\"logo\":{\"@type\":\"ImageObject\",\"inLanguage\":\"eu-ES\",\"@id\":\"https:\/\/www.grancampingzarautz.com\/eu\/#\/schema\/logo\/image\/\",\"url\":\"https:\/\/www.grancampingzarautz.com\/wp-content\/uploads\/2024\/07\/logo.svg\",\"contentUrl\":\"https:\/\/www.grancampingzarautz.com\/wp-content\/uploads\/2024\/07\/logo.svg\",\"width\":255,\"height\":246,\"caption\":\"Gran Camping Zarautz\"},\"image\":{\"@id\":\"https:\/\/www.grancampingzarautz.com\/eu\/#\/schema\/logo\/image\/\"}}]}<\/script>\n<!-- \/ Yoast SEO plugin. -->","yoast_head_json":{"title":"Gure kanpina irekita egoten da urteko 12 hilabeteetan.","description":"Gure kanpina irekita egoten da urteko 12 hilabeteetan. Mundu osoko bisitak jasotzen ditugu urtaro guztietan.","robots":{"index":"index","follow":"follow","max-snippet":"max-snippet:-1","max-image-preview":"max-image-preview:large","max-video-preview":"max-video-preview:-1"},"canonical":"https:\/\/www.grancampingzarautz.com\/eu\/gran-camping-zarautz-urte-osoan-irekita\/","og_locale":"eu_ES","og_type":"article","og_title":"Gure kanpina irekita egoten da urteko 12 hilabeteetan.","og_description":"Gure kanpina irekita egoten da urteko 12 hilabeteetan. Mundu osoko bisitak jasotzen ditugu urtaro guztietan.","og_url":"https:\/\/www.grancampingzarautz.com\/eu\/gran-camping-zarautz-urte-osoan-irekita\/","og_site_name":"Gran Camping Zarautz","article_modified_time":"2023-06-30T08:58:00+00:00","og_image":[{"width":450,"height":450,"url":"https:\/\/www.grancampingzarautz.com\/wp-content\/uploads\/2022\/03\/gran-camping-zarautz-inicio.jpg","type":"image\/jpeg"}],"twitter_card":"summary_large_image","twitter_misc":{"Est. reading time":"4 minutes"},"schema":{"@context":"https:\/\/schema.org","@graph":[{"@type":"WebPage","@id":"https:\/\/www.grancampingzarautz.com\/eu\/gran-camping-zarautz-urte-osoan-irekita\/","url":"https:\/\/www.grancampingzarautz.com\/eu\/gran-camping-zarautz-urte-osoan-irekita\/","name":"Gure kanpina irekita egoten da urteko 12 hilabeteetan.","isPartOf":{"@id":"https:\/\/www.grancampingzarautz.com\/eu\/#website"},"primaryImageOfPage":{"@id":"https:\/\/www.grancampingzarautz.com\/eu\/gran-camping-zarautz-urte-osoan-irekita\/#primaryimage"},"image":{"@id":"https:\/\/www.grancampingzarautz.com\/eu\/gran-camping-zarautz-urte-osoan-irekita\/#primaryimage"},"thumbnailUrl":"https:\/\/www.grancampingzarautz.com\/wp-content\/uploads\/2022\/03\/gran-camping-zarautz-inicio.jpg","datePublished":"2016-04-04T14:23:06+00:00","dateModified":"2023-06-30T08:58:00+00:00","description":"Gure kanpina irekita egoten da urteko 12 hilabeteetan. Mundu osoko bisitak jasotzen ditugu urtaro guztietan.","breadcrumb":{"@id":"https:\/\/www.grancampingzarautz.com\/eu\/gran-camping-zarautz-urte-osoan-irekita\/#breadcrumb"},"inLanguage":"eu-ES","potentialAction":[{"@type":"ReadAction","target":["https:\/\/www.grancampingzarautz.com\/eu\/gran-camping-zarautz-urte-osoan-irekita\/"]}]},{"@type":"ImageObject","inLanguage":"eu-ES","@id":"https:\/\/www.grancampingzarautz.com\/eu\/gran-camping-zarautz-urte-osoan-irekita\/#primaryimage","url":"https:\/\/www.grancampingzarautz.com\/wp-content\/uploads\/2022\/03\/gran-camping-zarautz-inicio.jpg","contentUrl":"https:\/\/www.grancampingzarautz.com\/wp-content\/uploads\/2022\/03\/gran-camping-zarautz-inicio.jpg","width":450,"height":450},{"@type":"BreadcrumbList","@id":"https:\/\/www.grancampingzarautz.com\/eu\/gran-camping-zarautz-urte-osoan-irekita\/#breadcrumb","itemListElement":[{"@type":"ListItem","position":1,"name":"Portada","item":"https:\/\/www.grancampingzarautz.com\/eu\/"},{"@type":"ListItem","position":2,"name":"Gran Camping Zarautz, Urte osoan irekita"}]},{"@type":"WebSite","@id":"https:\/\/www.grancampingzarautz.com\/eu\/#website","url":"https:\/\/www.grancampingzarautz.com\/eu\/","name":"Gran Camping Zarautz","description":"Camping abierto todo el a\u00f1o","publisher":{"@id":"https:\/\/www.grancampingzarautz.com\/eu\/#organization"},"potentialAction":[{"@type":"SearchAction","target":{"@type":"EntryPoint","urlTemplate":"https:\/\/www.grancampingzarautz.com\/eu\/?s={search_term_string}"},"query-input":{"@type":"PropertyValueSpecification","valueRequired":true,"valueName":"search_term_string"}}],"inLanguage":"eu-ES"},{"@type":"Organization","@id":"https:\/\/www.grancampingzarautz.com\/eu\/#organization","name":"Gran Camping Zarautz","url":"https:\/\/www.grancampingzarautz.com\/eu\/","logo":{"@type":"ImageObject","inLanguage":"eu-ES","@id":"https:\/\/www.grancampingzarautz.com\/eu\/#\/schema\/logo\/image\/","url":"https:\/\/www.grancampingzarautz.com\/wp-content\/uploads\/2024\/07\/logo.svg","contentUrl":"https:\/\/www.grancampingzarautz.com\/wp-content\/uploads\/2024\/07\/logo.svg","width":255,"height":246,"caption":"Gran Camping Zarautz"},"image":{"@id":"https:\/\/www.grancampingzarautz.com\/eu\/#\/schema\/logo\/image\/"}}]}},"_links":{"self":[{"href":"https:\/\/www.grancampingzarautz.com\/eu\/wp-json\/wp\/v2\/pages\/4850","targetHints":{"allow":["GET"]}}],"collection":[{"href":"https:\/\/www.grancampingzarautz.com\/eu\/wp-json\/wp\/v2\/pages"}],"about":[{"href":"https:\/\/www.grancampingzarautz.com\/eu\/wp-json\/wp\/v2\/types\/page"}],"author":[{"embeddable":true,"href":"https:\/\/www.grancampingzarautz.com\/eu\/wp-json\/wp\/v2\/users\/1"}],"replies":[{"embeddable":true,"href":"https:\/\/www.grancampingzarautz.com\/eu\/wp-json\/wp\/v2\/comments?post=4850"}],"version-history":[{"count":0,"href":"https:\/\/www.grancampingzarautz.com\/eu\/wp-json\/wp\/v2\/pages\/4850\/revisions"}],"wp:featuredmedia":[{"embeddable":true,"href":"https:\/\/www.grancampingzarautz.com\/eu\/wp-json\/wp\/v2\/media\/4475"}],"wp:attachment":[{"href":"https:\/\/www.grancampingzarautz.com\/eu\/wp-json\/wp\/v2\/media?parent=4850"}],"curies":[{"name":"wp","href":"https:\/\/api.w.org\/{rel}","templated":true}]}}