{"id":5462,"date":"2022-03-01T12:11:27","date_gmt":"2022-03-01T12:11:27","guid":{"rendered":"http:\/\/www.campingzarautz.com\/politica-privacidad\/"},"modified":"2024-05-13T17:46:19","modified_gmt":"2024-05-13T17:46:19","slug":"datenschutzrichtlinie","status":"publish","type":"page","link":"https:\/\/www.grancampingzarautz.com\/de\/datenschutzrichtlinie\/","title":{"rendered":"Datenschutzrichtlinie"},"content":{"rendered":"\t\t<div data-elementor-type=\"wp-page\" data-elementor-id=\"5462\" class=\"elementor elementor-5462 elementor-3\" data-elementor-post-type=\"page\">\n\t\t\t\t<div class=\"elementor-element elementor-element-536731d3 e-con-full e-flex e-con e-parent\" data-id=\"536731d3\" data-element_type=\"container\" data-settings=\"{&quot;background_background&quot;:&quot;classic&quot;}\">\n\t\t\t\t<div class=\"elementor-element elementor-element-16ce528d elementor-widget elementor-widget-heading\" data-id=\"16ce528d\" data-element_type=\"widget\" data-widget_type=\"heading.default\">\n\t\t\t\t<div class=\"elementor-widget-container\">\n\t\t\t<style>\/*! elementor - v3.23.0 - 15-07-2024 *\/\n.elementor-heading-title{padding:0;margin:0;line-height:1}.elementor-widget-heading .elementor-heading-title[class*=elementor-size-]>a{color:inherit;font-size:inherit;line-height:inherit}.elementor-widget-heading .elementor-heading-title.elementor-size-small{font-size:15px}.elementor-widget-heading .elementor-heading-title.elementor-size-medium{font-size:19px}.elementor-widget-heading .elementor-heading-title.elementor-size-large{font-size:29px}.elementor-widget-heading .elementor-heading-title.elementor-size-xl{font-size:39px}.elementor-widget-heading .elementor-heading-title.elementor-size-xxl{font-size:59px}<\/style><h2 class=\"elementor-heading-title elementor-size-default\">Datenschutzrichtlinie<\/h2>\t\t<\/div>\n\t\t\t\t<\/div>\n\t\t\t\t<\/div>\n\t\t<div class=\"elementor-element elementor-element-76141f3a e-flex e-con-boxed e-con e-parent\" data-id=\"76141f3a\" data-element_type=\"container\">\n\t\t\t\t\t<div class=\"e-con-inner\">\n\t\t\t\t<div class=\"elementor-element elementor-element-23a0a7a4 elementor-widget elementor-widget-text-editor\" data-id=\"23a0a7a4\" data-element_type=\"widget\" data-widget_type=\"text-editor.default\">\n\t\t\t\t<div class=\"elementor-widget-container\">\n\t\t\t<style>\/*! elementor - v3.23.0 - 15-07-2024 *\/\n.elementor-widget-text-editor.elementor-drop-cap-view-stacked .elementor-drop-cap{background-color:#69727d;color:#fff}.elementor-widget-text-editor.elementor-drop-cap-view-framed .elementor-drop-cap{color:#69727d;border:3px solid;background-color:transparent}.elementor-widget-text-editor:not(.elementor-drop-cap-view-default) .elementor-drop-cap{margin-top:8px}.elementor-widget-text-editor:not(.elementor-drop-cap-view-default) .elementor-drop-cap-letter{width:1em;height:1em}.elementor-widget-text-editor .elementor-drop-cap{float:left;text-align:center;line-height:1;font-size:50px}.elementor-widget-text-editor .elementor-drop-cap-letter{display:inline-block}<\/style>\t\t\t\t<p>La presente Pol\u00edtica de Privacidad tiene por objeto informarle del tratamiento que reciben sus datos de car\u00e1cter personal, cuando navega o utiliza los servicios incluidos en nuestra p\u00e1gina web, de forma que pueda decidir libremente si desea aportarlos con las finalidades que se recogen en el presente documento.<\/p>\n<h2>1. \u00bfQui\u00e9n se responsabiliza del tratamiento de mis datos personales?.<\/h2>\n<p>Le informamos que la entidad responsable de los datos personales que le solicitamos es: BEAZAI, S.L. con direcci\u00f3n en Talaimendi Auzoa s\/n, 20800 ZARAUTZ (en adelante Gran Camping Zarautz).<\/p>\n<p>Si desea contactar con nosotros, puede hacerlo en:<\/p>\n<ul>\n<li>La siguiente direcci\u00f3n de correo electr\u00f3nico: <a href=\"mailto:info@grancampingzarautz.com\">info@grancampingzarautz.com<\/a><\/li>\n<li>El siguiente n\u00famero de tel\u00e9fono: +34 943831238<\/li>\n<\/ul>\n<h2>2. \u00bfCon qu\u00e9 finalidad ser\u00e1n tratados mis datos personales?.<\/h2>\n<p>Sus datos personales ser\u00e1n utilizados para las siguientes finalidades:<\/p>\n<ul>\n<li>Atender a su solicitud.<\/li>\n<li>En caso de que contrate alguno de nuestros productos o servicios, utilizaremos sus datos personales para la gesti\u00f3n y la facturaci\u00f3n de los mismos.<\/li>\n<li>Conservaremos sus datos de contacto para informarle peri\u00f3dicamente sobre los productos y servicios, propios o de terceros que entendamos puedan resultar de su inter\u00e9s.<\/li>\n<li>Conocer sus gustos y preferencias para mejorar la calidad de nuestros productos y servicios.<\/li>\n<li>Registrar su direcci\u00f3n IP utilizada para la navegaci\u00f3n en nuestra web y sus h\u00e1bitos de consumo para gestionar nuestras acciones de marketing.<\/li>\n<li>Utilizamos cookies para mejorar y personalizar el servicio ofrecido, as\u00ed como facilitar la navegaci\u00f3n. Si desea m\u00e1s informaci\u00f3n respecto a las cookies puede consultarlo en el siguiente enlace: \u201d<a href=\"https:\/\/www.aner.com\/politica-de-cookies.html\">Pol\u00edtica de Cookies<\/a>\u201d<\/li>\n<\/ul>\n<h2>3. Comunicaciones comerciales.<\/h2>\n<p>La aportaci\u00f3n de sus datos personales en cualquiera de nuestros formularios de registro, implica su aceptaci\u00f3n expresa para que podamos enviarle informaci\u00f3n propia o de terceros que entendamos pueda resultarle de inter\u00e9s. El env\u00edo de esta informaci\u00f3n es parte sustancial de nuestro negocio y, por tanto, est\u00e1 asociado a la contrataci\u00f3n de cualquiera de nuestros productos o servicios.<\/p>\n<p>No obstante, le recordamos que puede oponerse en todo momento y de forma gratuita al env\u00edo de estas comunicaciones, enviando un correo electr\u00f3nico a la direcci\u00f3n indicada en el punto primero del presente documento.<\/p>\n<h2>4. \u00bfCu\u00e1nto tiempo conservar\u00e1n mis datos personales?.<\/h2>\n<p>Sus datos personales se conservar\u00e1n el tiempo estrictamente necesario para prestarle el servicio o producto contratado. Una vez finalizado el servicio, y\/o la garant\u00eda sobre los productos adquiridos conservaremos sus datos durante cinco a\u00f1os, que es el plazo est\u00e1ndar de prescripci\u00f3n de responsabilidades civiles o mercantiles. No obstante, debe ser consciente que estos plazos de conservaci\u00f3n podr\u00edan verse ampliados por modificaciones legales o apreciaci\u00f3n de responsabilidades penales. Una vez prescritas las responsabilidades derivadas del contrato, procederemos a la destrucci\u00f3n de todos sus datos personales.<\/p>\n<p>Queremos conservar sus datos de contacto de forma indefinida para enviarle informaci\u00f3n peri\u00f3dica sobre productos y\/o servicios, propios o de terceros, que entendamos puedan resultar de su inter\u00e9s. Por tanto, si no desea recibir informaci\u00f3n comercial, propia o de terceros, puede oponerse indic\u00e1ndolo en la siguiente direcci\u00f3n: <a href=\"mailto:info@grancampingzarautz.com\">info@grancampingzarautz.com<\/a><span id=\"cloak7d8409134661f41bdbe1ce086818198f\"><\/span><\/p>\n<h2>5. \u00bfQu\u00e9 datos debo facilitar?.<\/h2>\n<p>Todos los datos personales solicitados que van marcados con un asterisco son imprescindibles para adquirir o contratar nuestros productos y\/o servicios. Si no facilita alguno de estos datos obligatorios no podremos atenderle.<\/p>\n<h2>6. \u00bfMis datos personales ser\u00e1n cedidos a terceros?.<\/h2>\n<p>No, sus datos no son cedidos a terceros.<\/p>\n<h2>7. Sus derechos.<\/h2>\n<ul>\n<li>Tiene derecho a acceder a sus datos personales.<\/li>\n<li>Tiene derecho a solicitar su rectificaci\u00f3n o supresi\u00f3n.<\/li>\n<li>Puede retirar el consentimiento otorgado en todo momento.<\/li>\n<li>Puede solicitar la limitaci\u00f3n del tratamiento de sus datos personales.<\/li>\n<li>Tiene derecho a oponerse al tratamiento de sus datos personales.<\/li>\n<li>Tiene derecho a la portabilidad de sus datos personales.<\/li>\n<\/ul>\n<p>Para ejercer cualquiera de estos derechos debe presentar una solicitud en la direcci\u00f3n del responsable del fichero que se recoge en el primer punto de la presente pol\u00edtica de privacidad. Si desea obtener m\u00e1s informaci\u00f3n respecto a sus derechos o la forma de hacerlos valer, puede dirigirse a la Agencia Espa\u00f1ola de Protecci\u00f3n de Datos \u2013www.agpd.es-.<\/p>\n<h2>8. Cookies.<\/h2>\n<p>Le informamos de que Gran Camping Zarautz tiene instaladas cookies en sus sistemas, con la \u00fanica finalidad de mejorar y personalizar el servicio ofrecido as\u00ed como facilitar la navegaci\u00f3n, las cookies se asocian \u00fanicamente a un usuario an\u00f3nimo y un ordenador, no permitiendo el acceso a datos de car\u00e1cter personal. Las cookies son peque\u00f1os archivos de texto que almacena el navegador en el disco duro de su ordenador. Cuando navega a trav\u00e9s de nuestra p\u00e1gina web, nuestro servidor podr\u00e1 reconocer la cookies y proporcionarnos informaci\u00f3n sobre el idioma seleccionado en su \u00faltima visita. La mayor\u00eda de los navegadores aceptan la utilizaci\u00f3n de cookies de forma autom\u00e1tica, pero puede configurar su navegador para ser avisado en su pantalla de ordenador de la recepci\u00f3n de cookies y poder impedir su instalaci\u00f3n en su disco duro.<\/p>\n<h2>9. Calidad de los datos.<\/h2>\n<p>El Usuario garantiza que los Datos Personales facilitados a Gran Camping Zarautz son veraces y se hace responsable de comunicar cualquier modificaci\u00f3n en los mismos. El Usuario ser\u00e1 el \u00fanico responsable de cualquier da\u00f1o o perjuicio, directo o indirecto, que pudiera ocasionar a Gran Camping Zarautz o a cualquier tercero a causa de la cumplimentaci\u00f3n de los formularios con datos falsos, inexactos, incompletos o no actualizados. El Usuario no deber\u00e1 incluir datos personales de terceros sin su consentimiento informado previo de lo establecido en la presente pol\u00edtica de privacidad, siendo el \u00fanico responsable de su introducci\u00f3n.<\/p>\n<h2>10. Confidencialidad.<\/h2>\n<p>Sus datos personales son clasificados como informaci\u00f3n confidencial, por tanto, todo tratamiento sobre estos datos se realizar\u00e1 garantizando el m\u00e1ximo secreto frente a terceros y aplicando las medidas de seguridad necesarias para garantizar su seguridad.<\/p>\n<h2>11. Medidas de seguridad.<\/h2>\n<p>Gran Camping Zarautz ha adoptado las medidas necesarias para evitar la alteraci\u00f3n, p\u00e9rdida, tratamiento o acceso no autorizado de los datos personales, habida cuenta en todo momento del estado de la tecnolog\u00eda, la naturaleza de los datos almacenados y los riesgos a que est\u00e1n expuestos, ya provengan de la acci\u00f3n humana o del medio f\u00edsico o natural, no obstante, el Usuario debe ser consciente de que las medidas de seguridad en Internet no son inexpugnables.<\/p>\n<h2>12. Condiciones particulares.<\/h2>\n<p>Ciertos servicios prestados por Gran Camping Zarautz, pueden contener condiciones particulares con previsiones espec\u00edficas en materia de protecci\u00f3n de datos personales, siendo por tanto de aplicaci\u00f3n las condiciones particulares de cada caso. En todo lo no regulado por las condiciones particulares ser\u00e1 de aplicaci\u00f3n supletoria las condiciones generales recogidas en la presente pol\u00edtica de privacidad.<\/p>\n<h2>13. Menores de edad.<\/h2>\n<p>Se advierte a los ni\u00f1os y j\u00f3venes menores de 14 a\u00f1os que necesit\u00e1is el permiso de vuestros padres o tutores para proporcionar datos personales en el sitio web de Gran Camping Zarautz.<\/p>\t\t\t\t\t\t<\/div>\n\t\t\t\t<\/div>\n\t\t\t\t\t<\/div>\n\t\t\t\t<\/div>\n\t\t\t\t<\/div>\n\t\t","protected":false},"excerpt":{"rendered":"<p>Datenschutzrichtlinie La presente Pol\u00edtica de Privacidad tiene por objeto informarle del tratamiento que reciben sus datos de car\u00e1cter personal, cuando navega o utiliza los servicios incluidos en nuestra p\u00e1gina web, de forma que pueda decidir libremente si desea aportarlos con las finalidades que se recogen en el presente documento. 1. \u00bfQui\u00e9n se responsabiliza del tratamiento [&hellip;]<\/p>\n","protected":false},"author":1,"featured_media":0,"parent":0,"menu_order":0,"comment_status":"closed","ping_status":"open","template":"","meta":{"footnotes":""},"class_list":["post-5462","page","type-page","status-publish","hentry"],"yoast_head":"<!-- This site is optimized with the Yoast SEO plugin v25.9 - https:\/\/yoast.com\/wordpress\/plugins\/seo\/ -->\n<title>Datenschutzrichtlinie - Gran Camping Zarautz<\/title>\n<meta name=\"robots\" content=\"index, follow, max-snippet:-1, max-image-preview:large, max-video-preview:-1\" \/>\n<link rel=\"canonical\" href=\"https:\/\/www.grancampingzarautz.com\/de\/datenschutzrichtlinie\/\" \/>\n<meta property=\"og:locale\" content=\"de_DE\" \/>\n<meta property=\"og:type\" content=\"article\" \/>\n<meta property=\"og:title\" content=\"Datenschutzrichtlinie - Gran Camping Zarautz\" \/>\n<meta property=\"og:description\" content=\"Datenschutzrichtlinie La presente Pol\u00edtica de Privacidad tiene por objeto informarle del tratamiento que reciben sus datos de car\u00e1cter personal, cuando navega o utiliza los servicios incluidos en nuestra p\u00e1gina web, de forma que pueda decidir libremente si desea aportarlos con las finalidades que se recogen en el presente documento. 1. \u00bfQui\u00e9n se responsabiliza del tratamiento [&hellip;]\" \/>\n<meta property=\"og:url\" content=\"https:\/\/www.grancampingzarautz.com\/de\/datenschutzrichtlinie\/\" \/>\n<meta property=\"og:site_name\" content=\"Gran Camping Zarautz\" \/>\n<meta property=\"article:modified_time\" content=\"2024-05-13T17:46:19+00:00\" \/>\n<meta name=\"twitter:card\" content=\"summary_large_image\" \/>\n<meta name=\"twitter:label1\" content=\"Gesch\u00e4tzte Lesezeit\" \/>\n\t<meta name=\"twitter:data1\" content=\"7\u00a0Minuten\" \/>\n<script type=\"application\/ld+json\" class=\"yoast-schema-graph\">{\"@context\":\"https:\/\/schema.org\",\"@graph\":[{\"@type\":\"WebPage\",\"@id\":\"https:\/\/www.grancampingzarautz.com\/de\/datenschutzrichtlinie\/\",\"url\":\"https:\/\/www.grancampingzarautz.com\/de\/datenschutzrichtlinie\/\",\"name\":\"Datenschutzrichtlinie - Gran Camping Zarautz\",\"isPartOf\":{\"@id\":\"https:\/\/www.grancampingzarautz.com\/de\/#website\"},\"datePublished\":\"2022-03-01T12:11:27+00:00\",\"dateModified\":\"2024-05-13T17:46:19+00:00\",\"breadcrumb\":{\"@id\":\"https:\/\/www.grancampingzarautz.com\/de\/datenschutzrichtlinie\/#breadcrumb\"},\"inLanguage\":\"de\",\"potentialAction\":[{\"@type\":\"ReadAction\",\"target\":[\"https:\/\/www.grancampingzarautz.com\/de\/datenschutzrichtlinie\/\"]}]},{\"@type\":\"BreadcrumbList\",\"@id\":\"https:\/\/www.grancampingzarautz.com\/de\/datenschutzrichtlinie\/#breadcrumb\",\"itemListElement\":[{\"@type\":\"ListItem\",\"position\":1,\"name\":\"Portada\",\"item\":\"https:\/\/www.grancampingzarautz.com\/de\/\"},{\"@type\":\"ListItem\",\"position\":2,\"name\":\"Datenschutzrichtlinie\"}]},{\"@type\":\"WebSite\",\"@id\":\"https:\/\/www.grancampingzarautz.com\/de\/#website\",\"url\":\"https:\/\/www.grancampingzarautz.com\/de\/\",\"name\":\"Gran Camping Zarautz\",\"description\":\"Camping abierto todo el a\u00f1o\",\"publisher\":{\"@id\":\"https:\/\/www.grancampingzarautz.com\/de\/#organization\"},\"potentialAction\":[{\"@type\":\"SearchAction\",\"target\":{\"@type\":\"EntryPoint\",\"urlTemplate\":\"https:\/\/www.grancampingzarautz.com\/de\/?s={search_term_string}\"},\"query-input\":{\"@type\":\"PropertyValueSpecification\",\"valueRequired\":true,\"valueName\":\"search_term_string\"}}],\"inLanguage\":\"de\"},{\"@type\":\"Organization\",\"@id\":\"https:\/\/www.grancampingzarautz.com\/de\/#organization\",\"name\":\"Gran Camping Zarautz\",\"url\":\"https:\/\/www.grancampingzarautz.com\/de\/\",\"logo\":{\"@type\":\"ImageObject\",\"inLanguage\":\"de\",\"@id\":\"https:\/\/www.grancampingzarautz.com\/de\/#\/schema\/logo\/image\/\",\"url\":\"https:\/\/www.grancampingzarautz.com\/wp-content\/uploads\/2024\/07\/logo.svg\",\"contentUrl\":\"https:\/\/www.grancampingzarautz.com\/wp-content\/uploads\/2024\/07\/logo.svg\",\"width\":255,\"height\":246,\"caption\":\"Gran Camping Zarautz\"},\"image\":{\"@id\":\"https:\/\/www.grancampingzarautz.com\/de\/#\/schema\/logo\/image\/\"}}]}<\/script>\n<!-- \/ Yoast SEO plugin. -->","yoast_head_json":{"title":"Datenschutzrichtlinie - Gran Camping Zarautz","robots":{"index":"index","follow":"follow","max-snippet":"max-snippet:-1","max-image-preview":"max-image-preview:large","max-video-preview":"max-video-preview:-1"},"canonical":"https:\/\/www.grancampingzarautz.com\/de\/datenschutzrichtlinie\/","og_locale":"de_DE","og_type":"article","og_title":"Datenschutzrichtlinie - Gran Camping Zarautz","og_description":"Datenschutzrichtlinie La presente Pol\u00edtica de Privacidad tiene por objeto informarle del tratamiento que reciben sus datos de car\u00e1cter personal, cuando navega o utiliza los servicios incluidos en nuestra p\u00e1gina web, de forma que pueda decidir libremente si desea aportarlos con las finalidades que se recogen en el presente documento. 1. \u00bfQui\u00e9n se responsabiliza del tratamiento [&hellip;]","og_url":"https:\/\/www.grancampingzarautz.com\/de\/datenschutzrichtlinie\/","og_site_name":"Gran Camping Zarautz","article_modified_time":"2024-05-13T17:46:19+00:00","twitter_card":"summary_large_image","twitter_misc":{"Gesch\u00e4tzte Lesezeit":"7\u00a0Minuten"},"schema":{"@context":"https:\/\/schema.org","@graph":[{"@type":"WebPage","@id":"https:\/\/www.grancampingzarautz.com\/de\/datenschutzrichtlinie\/","url":"https:\/\/www.grancampingzarautz.com\/de\/datenschutzrichtlinie\/","name":"Datenschutzrichtlinie - Gran Camping Zarautz","isPartOf":{"@id":"https:\/\/www.grancampingzarautz.com\/de\/#website"},"datePublished":"2022-03-01T12:11:27+00:00","dateModified":"2024-05-13T17:46:19+00:00","breadcrumb":{"@id":"https:\/\/www.grancampingzarautz.com\/de\/datenschutzrichtlinie\/#breadcrumb"},"inLanguage":"de","potentialAction":[{"@type":"ReadAction","target":["https:\/\/www.grancampingzarautz.com\/de\/datenschutzrichtlinie\/"]}]},{"@type":"BreadcrumbList","@id":"https:\/\/www.grancampingzarautz.com\/de\/datenschutzrichtlinie\/#breadcrumb","itemListElement":[{"@type":"ListItem","position":1,"name":"Portada","item":"https:\/\/www.grancampingzarautz.com\/de\/"},{"@type":"ListItem","position":2,"name":"Datenschutzrichtlinie"}]},{"@type":"WebSite","@id":"https:\/\/www.grancampingzarautz.com\/de\/#website","url":"https:\/\/www.grancampingzarautz.com\/de\/","name":"Gran Camping Zarautz","description":"Camping abierto todo el a\u00f1o","publisher":{"@id":"https:\/\/www.grancampingzarautz.com\/de\/#organization"},"potentialAction":[{"@type":"SearchAction","target":{"@type":"EntryPoint","urlTemplate":"https:\/\/www.grancampingzarautz.com\/de\/?s={search_term_string}"},"query-input":{"@type":"PropertyValueSpecification","valueRequired":true,"valueName":"search_term_string"}}],"inLanguage":"de"},{"@type":"Organization","@id":"https:\/\/www.grancampingzarautz.com\/de\/#organization","name":"Gran Camping Zarautz","url":"https:\/\/www.grancampingzarautz.com\/de\/","logo":{"@type":"ImageObject","inLanguage":"de","@id":"https:\/\/www.grancampingzarautz.com\/de\/#\/schema\/logo\/image\/","url":"https:\/\/www.grancampingzarautz.com\/wp-content\/uploads\/2024\/07\/logo.svg","contentUrl":"https:\/\/www.grancampingzarautz.com\/wp-content\/uploads\/2024\/07\/logo.svg","width":255,"height":246,"caption":"Gran Camping Zarautz"},"image":{"@id":"https:\/\/www.grancampingzarautz.com\/de\/#\/schema\/logo\/image\/"}}]}},"_links":{"self":[{"href":"https:\/\/www.grancampingzarautz.com\/de\/wp-json\/wp\/v2\/pages\/5462","targetHints":{"allow":["GET"]}}],"collection":[{"href":"https:\/\/www.grancampingzarautz.com\/de\/wp-json\/wp\/v2\/pages"}],"about":[{"href":"https:\/\/www.grancampingzarautz.com\/de\/wp-json\/wp\/v2\/types\/page"}],"author":[{"embeddable":true,"href":"https:\/\/www.grancampingzarautz.com\/de\/wp-json\/wp\/v2\/users\/1"}],"replies":[{"embeddable":true,"href":"https:\/\/www.grancampingzarautz.com\/de\/wp-json\/wp\/v2\/comments?post=5462"}],"version-history":[{"count":0,"href":"https:\/\/www.grancampingzarautz.com\/de\/wp-json\/wp\/v2\/pages\/5462\/revisions"}],"wp:attachment":[{"href":"https:\/\/www.grancampingzarautz.com\/de\/wp-json\/wp\/v2\/media?parent=5462"}],"curies":[{"name":"wp","href":"https:\/\/api.w.org\/{rel}","templated":true}]}}