{"id":11277,"date":"2024-03-27T10:16:16","date_gmt":"2024-03-27T10:16:16","guid":{"rendered":"https:\/\/www.grancampingzarautz.com\/restaurante\/"},"modified":"2025-05-30T08:19:28","modified_gmt":"2025-05-30T08:19:28","slug":"restaurant","status":"publish","type":"page","link":"https:\/\/www.grancampingzarautz.com\/de\/restaurant\/","title":{"rendered":"Restaurant"},"content":{"rendered":"\t\t<div data-elementor-type=\"wp-page\" data-elementor-id=\"11277\" class=\"elementor elementor-11277 elementor-8041\" data-elementor-post-type=\"page\">\n\t\t\t\t<div class=\"elementor-element elementor-element-1b2fc089 elementor-hidden-tablet elementor-hidden-mobile e-flex e-con-boxed e-con e-parent\" data-id=\"1b2fc089\" data-element_type=\"container\" data-settings=\"{&quot;background_background&quot;:&quot;classic&quot;}\">\n\t\t\t\t\t<div class=\"e-con-inner\">\n\t\t\t\t<div class=\"elementor-element elementor-element-52495902 elementor-widget elementor-widget-heading\" data-id=\"52495902\" data-element_type=\"widget\" data-widget_type=\"heading.default\">\n\t\t\t\t<div class=\"elementor-widget-container\">\n\t\t\t<style>\/*! elementor - v3.23.0 - 15-07-2024 *\/\n.elementor-heading-title{padding:0;margin:0;line-height:1}.elementor-widget-heading .elementor-heading-title[class*=elementor-size-]>a{color:inherit;font-size:inherit;line-height:inherit}.elementor-widget-heading .elementor-heading-title.elementor-size-small{font-size:15px}.elementor-widget-heading .elementor-heading-title.elementor-size-medium{font-size:19px}.elementor-widget-heading .elementor-heading-title.elementor-size-large{font-size:29px}.elementor-widget-heading .elementor-heading-title.elementor-size-xl{font-size:39px}.elementor-widget-heading .elementor-heading-title.elementor-size-xxl{font-size:59px}<\/style><h2 class=\"elementor-heading-title elementor-size-default\">RESTAURANT<br>GRAN CAMPING ZARAUTZ\n<\/h2>\t\t<\/div>\n\t\t\t\t<\/div>\n\t\t\t\t\t<\/div>\n\t\t\t\t<\/div>\n\t\t<div class=\"elementor-element elementor-element-a4e4bc4 elementor-hidden-desktop e-flex e-con-boxed e-con e-parent\" data-id=\"a4e4bc4\" data-element_type=\"container\" data-settings=\"{&quot;background_background&quot;:&quot;classic&quot;}\">\n\t\t\t\t\t<div class=\"e-con-inner\">\n\t\t\t\t<div class=\"elementor-element elementor-element-0f8b0f7 elementor-widget elementor-widget-heading\" data-id=\"0f8b0f7\" data-element_type=\"widget\" data-widget_type=\"heading.default\">\n\t\t\t\t<div class=\"elementor-widget-container\">\n\t\t\t<h2 class=\"elementor-heading-title elementor-size-default\">RESTAURANT<br>GRAN CAMPING ZARAUTZ\n<\/h2>\t\t<\/div>\n\t\t\t\t<\/div>\n\t\t\t\t\t<\/div>\n\t\t\t\t<\/div>\n\t\t<div class=\"elementor-element elementor-element-88aa3cf e-flex e-con-boxed e-con e-parent\" data-id=\"88aa3cf\" data-element_type=\"container\">\n\t\t\t\t\t<div class=\"e-con-inner\">\n\t\t\t\t<div class=\"elementor-element elementor-element-b4b4196 elementor-widget elementor-widget-text-editor\" data-id=\"b4b4196\" data-element_type=\"widget\" data-widget_type=\"text-editor.default\">\n\t\t\t\t<div class=\"elementor-widget-container\">\n\t\t\t<style>\/*! elementor - v3.23.0 - 15-07-2024 *\/\n.elementor-widget-text-editor.elementor-drop-cap-view-stacked .elementor-drop-cap{background-color:#69727d;color:#fff}.elementor-widget-text-editor.elementor-drop-cap-view-framed .elementor-drop-cap{color:#69727d;border:3px solid;background-color:transparent}.elementor-widget-text-editor:not(.elementor-drop-cap-view-default) .elementor-drop-cap{margin-top:8px}.elementor-widget-text-editor:not(.elementor-drop-cap-view-default) .elementor-drop-cap-letter{width:1em;height:1em}.elementor-widget-text-editor .elementor-drop-cap{float:left;text-align:center;line-height:1;font-size:50px}.elementor-widget-text-editor .elementor-drop-cap-letter{display:inline-block}<\/style>\t\t\t\t<p>Das Bar-Restaurant Asador Gran Camping Zarautz in dem symboltr\u00e4chtigen Ort Zarautz (Gipuzkoa) mit Blick auf die Buchten von Zarautz und Getaria ist einer der wenigen Orte mit den sch\u00f6nsten Sonnenunterg\u00e4ngen der Welt.\u00a0<\/p>\t\t\t\t\t\t<\/div>\n\t\t\t\t<\/div>\n\t\t\t\t\t<\/div>\n\t\t\t\t<\/div>\n\t\t<div class=\"elementor-element elementor-element-23101d1a e-flex e-con-boxed e-con e-parent\" data-id=\"23101d1a\" data-element_type=\"container\" data-settings=\"{&quot;background_background&quot;:&quot;classic&quot;}\">\n\t\t\t\t\t<div class=\"e-con-inner\">\n\t\t<div class=\"elementor-element elementor-element-50a28474 e-flex e-con-boxed elementor-invisible e-con e-child\" data-id=\"50a28474\" data-element_type=\"container\" data-settings=\"{&quot;animation&quot;:&quot;slideInLeft&quot;}\">\n\t\t\t\t\t<div class=\"e-con-inner\">\n\t\t\t\t<div class=\"elementor-element elementor-element-3e1c266a elementor-widget elementor-widget-image\" data-id=\"3e1c266a\" data-element_type=\"widget\" data-widget_type=\"image.default\">\n\t\t\t\t<div class=\"elementor-widget-container\">\n\t\t\t<style>\/*! elementor - v3.23.0 - 15-07-2024 *\/\n.elementor-widget-image{text-align:center}.elementor-widget-image a{display:inline-block}.elementor-widget-image a img[src$=\".svg\"]{width:48px}.elementor-widget-image img{vertical-align:middle;display:inline-block}<\/style>\t\t\t\t\t\t\t\t\t\t<img fetchpriority=\"high\" decoding=\"async\" width=\"635\" height=\"647\" src=\"https:\/\/www.grancampingzarautz.com\/wp-content\/uploads\/2024\/04\/txotx.jpg\" class=\"attachment-large size-large wp-image-8066\" alt=\"\" srcset=\"https:\/\/www.grancampingzarautz.com\/wp-content\/uploads\/2024\/04\/txotx.jpg 635w, https:\/\/www.grancampingzarautz.com\/wp-content\/uploads\/2024\/04\/txotx-294x300.jpg 294w\" sizes=\"(max-width: 635px) 100vw, 635px\" \/>\t\t\t\t\t\t\t\t\t\t\t\t\t<\/div>\n\t\t\t\t<\/div>\n\t\t\t\t\t<\/div>\n\t\t\t\t<\/div>\n\t\t<div class=\"elementor-element elementor-element-4ec3df3a e-con-full e-flex elementor-invisible e-con e-child\" data-id=\"4ec3df3a\" data-element_type=\"container\" data-settings=\"{&quot;animation&quot;:&quot;slideInRight&quot;}\">\n\t\t\t\t<div class=\"elementor-element elementor-element-654cc6 elementor-widget elementor-widget-heading\" data-id=\"654cc6\" data-element_type=\"widget\" data-widget_type=\"heading.default\">\n\t\t\t\t<div class=\"elementor-widget-container\">\n\t\t\t<h2 class=\"elementor-heading-title elementor-size-default\">Unser Restaurant<\/h2>\t\t<\/div>\n\t\t\t\t<\/div>\n\t\t\t\t<div class=\"elementor-element elementor-element-248a3495 elementor-widget elementor-widget-text-editor\" data-id=\"248a3495\" data-element_type=\"widget\" data-widget_type=\"text-editor.default\">\n\t\t\t\t<div class=\"elementor-widget-container\">\n\t\t\t\t\t\t\t<p>Unser Team besteht aus Menschen, die seit mehr als 20 Jahren in der Gastronomie t\u00e4tig sind. Als vielseitiges und tolles Team sind wir bestrebt, deinen Besuch im Gran Camping Zarautz kulinarisch angenehm und unvergesslich zu gestalten.<\/p><p>Zu allen Jahreszeiten besuchen uns Menschen aus aller Welt.<\/p><p>Daher bieten wir unseren G\u00e4sten den besten Service, mit einem Gesch\u00e4ft, einer Bar und einem Restaurant, die an 365 Tagen im Jahr ge\u00f6ffnet sind.<\/p>\t\t\t\t\t\t<\/div>\n\t\t\t\t<\/div>\n\t\t\t\t<div class=\"elementor-element elementor-element-a3ed238 elementor-widget elementor-widget-heading\" data-id=\"a3ed238\" data-element_type=\"widget\" data-widget_type=\"heading.default\">\n\t\t\t\t<div class=\"elementor-widget-container\">\n\t\t\t<h2 class=\"elementor-heading-title elementor-size-default\">Feierlichkeiten<\/h2>\t\t<\/div>\n\t\t\t\t<\/div>\n\t\t\t\t<div class=\"elementor-element elementor-element-4bf1950 elementor-widget elementor-widget-text-editor\" data-id=\"4bf1950\" data-element_type=\"widget\" data-widget_type=\"text-editor.default\">\n\t\t\t\t<div class=\"elementor-widget-container\">\n\t\t\t\t\t\t\t<p>Feiere bei uns jedes wichtige Ereignis \u2013 vom Heiratsantrag im pers\u00f6nlichen Rahmen \u00fcber ein Gesch\u00e4ftsessen bis hin zu deinem Geburtstag.<\/p><p>Wir haben einen gro\u00dfen Raum zur Verf\u00fcgung, in dem du mittagessen, abendessen oder die von dir gew\u00fcnschte Veranstaltung abhalten kannst.<\/p><p><a href=\"https:\/\/www.asadorgrancamping.com\/\">Besuche die Website unseres Restaurants<\/a><\/p>\t\t\t\t\t\t<\/div>\n\t\t\t\t<\/div>\n\t\t\t\t<\/div>\n\t\t\t\t\t<\/div>\n\t\t\t\t<\/div>\n\t\t<div class=\"elementor-element elementor-element-f116daf e-con-full e-flex e-con e-parent\" data-id=\"f116daf\" data-element_type=\"container\" data-settings=\"{&quot;background_background&quot;:&quot;classic&quot;,&quot;background_motion_fx_motion_fx_scrolling&quot;:&quot;yes&quot;,&quot;background_motion_fx_translateY_effect&quot;:&quot;yes&quot;,&quot;background_motion_fx_translateY_speed&quot;:{&quot;unit&quot;:&quot;px&quot;,&quot;size&quot;:4,&quot;sizes&quot;:[]},&quot;background_motion_fx_translateY_affectedRange&quot;:{&quot;unit&quot;:&quot;%&quot;,&quot;size&quot;:&quot;&quot;,&quot;sizes&quot;:{&quot;start&quot;:0,&quot;end&quot;:100}},&quot;background_motion_fx_devices&quot;:[&quot;desktop&quot;,&quot;tablet&quot;,&quot;mobile&quot;]}\">\n\t\t\t\t<\/div>\n\t\t<div class=\"elementor-element elementor-element-f68d518 e-flex e-con-boxed e-con e-parent\" data-id=\"f68d518\" data-element_type=\"container\">\n\t\t\t\t\t<div class=\"e-con-inner\">\n\t\t<div class=\"elementor-element elementor-element-04ba56c e-con-full e-flex e-con e-child\" data-id=\"04ba56c\" data-element_type=\"container\">\n\t\t\t\t<div class=\"elementor-element elementor-element-4a9938a elementor-widget elementor-widget-heading\" data-id=\"4a9938a\" data-element_type=\"widget\" data-widget_type=\"heading.default\">\n\t\t\t\t<div class=\"elementor-widget-container\">\n\t\t\t<h2 class=\"elementor-heading-title elementor-size-default\">Portionen und Snacks<\/h2>\t\t<\/div>\n\t\t\t\t<\/div>\n\t\t\t\t<div class=\"elementor-element elementor-element-25e7d80 elementor-widget elementor-widget-text-editor\" data-id=\"25e7d80\" data-element_type=\"widget\" data-widget_type=\"text-editor.default\">\n\t\t\t\t<div class=\"elementor-widget-container\">\n\t\t\t\t\t\t\t<p>In unserer Snack-Ecke im Asador Gran Camping nehmen authentische\u00a0 Geschmacksrichtungen in einer Vielfalt von Portionen und Snacks Gestalt an, um deinen Gaumen zu jeder Zeit am Tag zu erfreuen. \u201eVon traditionellen kleinen H\u00e4ppchen bis hin zu innovativen kulinarischen Kreationen soll jeder Bissen eine unvergessliche kulinarische Reise sein. Komm und entdecke unsere Spezialit\u00e4ten: Perfekt zum Teilen oder zum Genie\u00dfen als Imbiss allein inmitten der Natur.\u201c<\/p>\t\t\t\t\t\t<\/div>\n\t\t\t\t<\/div>\n\t\t\t\t<div class=\"elementor-element elementor-element-1ca997e elementor-widget elementor-widget-heading\" data-id=\"1ca997e\" data-element_type=\"widget\" data-widget_type=\"heading.default\">\n\t\t\t\t<div class=\"elementor-widget-container\">\n\t\t\t<h2 class=\"elementor-heading-title elementor-size-default\">Vollst\u00e4ndige Speisekarte<\/h2>\t\t<\/div>\n\t\t\t\t<\/div>\n\t\t\t\t<div class=\"elementor-element elementor-element-54c6676 elementor-widget elementor-widget-text-editor\" data-id=\"54c6676\" data-element_type=\"widget\" data-widget_type=\"text-editor.default\">\n\t\t\t\t<div class=\"elementor-widget-container\">\n\t\t\t\t\t\t\t<div class=\"wpb_text_column wpb_content_element subtitle\"><div class=\"wpb_wrapper\"><p>F\u00fcr diejenigen, die voll und ganz in das kulinarische Erlebnis des Baskenlandes eintauchen m\u00f6chten, ist unsere vollst\u00e4ndige Speisekarte eine Ode an die regionale K\u00fcche. Jedes Gericht spiegelt den Reichtum saisonaler Zutaten und das Beherrschen traditioneller Techniken wider, mit Angeboten, die sowohl dem anspruchsvollsten Gourmet als auch dem kulinarischen Abenteuer auf der Suche nach neuen Erfahrungen gerecht werden. Ob du nun saftiges Fleisch vom Grill oder K\u00f6stlichkeiten aus dem Meer bevorzugst \u2013 in unserem Grillrestaurant findest du Gerichte, die die Sprache des Geschmacks und der Tradition sprechen.<\/p><\/div><\/div>\t\t\t\t\t\t<\/div>\n\t\t\t\t<\/div>\n\t\t\t\t<\/div>\n\t\t\t\t\t<\/div>\n\t\t\t\t<\/div>\n\t\t\t\t<\/div>\n\t\t","protected":false},"excerpt":{"rendered":"<p>RESTAURANTGRAN CAMPING ZARAUTZ RESTAURANTGRAN CAMPING ZARAUTZ Das Bar-Restaurant Asador Gran Camping Zarautz in dem symboltr\u00e4chtigen Ort Zarautz (Gipuzkoa) mit Blick auf die Buchten von Zarautz und Getaria ist einer der wenigen Orte mit den sch\u00f6nsten Sonnenunterg\u00e4ngen der Welt.\u00a0 Unser Restaurant Unser Team besteht aus Menschen, die seit mehr als 20 Jahren in der Gastronomie t\u00e4tig [&hellip;]<\/p>\n","protected":false},"author":1,"featured_media":0,"parent":0,"menu_order":0,"comment_status":"closed","ping_status":"closed","template":"elementor_header_footer","meta":{"footnotes":""},"class_list":["post-11277","page","type-page","status-publish","hentry"],"yoast_head":"<!-- This site is optimized with the Yoast SEO plugin v25.9 - https:\/\/yoast.com\/wordpress\/plugins\/seo\/ -->\n<title>Restaurant - Gran Camping Zarautz<\/title>\n<meta name=\"robots\" content=\"index, follow, max-snippet:-1, max-image-preview:large, max-video-preview:-1\" \/>\n<link rel=\"canonical\" href=\"https:\/\/www.grancampingzarautz.com\/de\/restaurant\/\" \/>\n<meta property=\"og:locale\" content=\"de_DE\" \/>\n<meta property=\"og:type\" content=\"article\" \/>\n<meta property=\"og:title\" content=\"Restaurant - Gran Camping Zarautz\" \/>\n<meta property=\"og:description\" content=\"RESTAURANTGRAN CAMPING ZARAUTZ RESTAURANTGRAN CAMPING ZARAUTZ Das Bar-Restaurant Asador Gran Camping Zarautz in dem symboltr\u00e4chtigen Ort Zarautz (Gipuzkoa) mit Blick auf die Buchten von Zarautz und Getaria ist einer der wenigen Orte mit den sch\u00f6nsten Sonnenunterg\u00e4ngen der Welt.\u00a0 Unser Restaurant Unser Team besteht aus Menschen, die seit mehr als 20 Jahren in der Gastronomie t\u00e4tig [&hellip;]\" \/>\n<meta property=\"og:url\" content=\"https:\/\/www.grancampingzarautz.com\/de\/restaurant\/\" \/>\n<meta property=\"og:site_name\" content=\"Gran Camping Zarautz\" \/>\n<meta property=\"article:modified_time\" content=\"2025-05-30T08:19:28+00:00\" \/>\n<meta property=\"og:image\" content=\"https:\/\/www.grancampingzarautz.com\/wp-content\/uploads\/2024\/04\/txotx.jpg\" \/>\n\t<meta property=\"og:image:width\" content=\"635\" \/>\n\t<meta property=\"og:image:height\" content=\"647\" \/>\n\t<meta property=\"og:image:type\" content=\"image\/jpeg\" \/>\n<meta name=\"twitter:card\" content=\"summary_large_image\" \/>\n<meta name=\"twitter:label1\" content=\"Gesch\u00e4tzte Lesezeit\" \/>\n\t<meta name=\"twitter:data1\" content=\"2\u00a0Minuten\" \/>\n<script type=\"application\/ld+json\" class=\"yoast-schema-graph\">{\"@context\":\"https:\/\/schema.org\",\"@graph\":[{\"@type\":\"WebPage\",\"@id\":\"https:\/\/www.grancampingzarautz.com\/de\/restaurant\/\",\"url\":\"https:\/\/www.grancampingzarautz.com\/de\/restaurant\/\",\"name\":\"Restaurant - Gran Camping Zarautz\",\"isPartOf\":{\"@id\":\"https:\/\/www.grancampingzarautz.com\/de\/#website\"},\"primaryImageOfPage\":{\"@id\":\"https:\/\/www.grancampingzarautz.com\/de\/restaurant\/#primaryimage\"},\"image\":{\"@id\":\"https:\/\/www.grancampingzarautz.com\/de\/restaurant\/#primaryimage\"},\"thumbnailUrl\":\"https:\/\/www.grancampingzarautz.com\/wp-content\/uploads\/2024\/04\/txotx.jpg\",\"datePublished\":\"2024-03-27T10:16:16+00:00\",\"dateModified\":\"2025-05-30T08:19:28+00:00\",\"breadcrumb\":{\"@id\":\"https:\/\/www.grancampingzarautz.com\/de\/restaurant\/#breadcrumb\"},\"inLanguage\":\"de\",\"potentialAction\":[{\"@type\":\"ReadAction\",\"target\":[\"https:\/\/www.grancampingzarautz.com\/de\/restaurant\/\"]}]},{\"@type\":\"ImageObject\",\"inLanguage\":\"de\",\"@id\":\"https:\/\/www.grancampingzarautz.com\/de\/restaurant\/#primaryimage\",\"url\":\"https:\/\/www.grancampingzarautz.com\/wp-content\/uploads\/2024\/04\/txotx.jpg\",\"contentUrl\":\"https:\/\/www.grancampingzarautz.com\/wp-content\/uploads\/2024\/04\/txotx.jpg\"},{\"@type\":\"BreadcrumbList\",\"@id\":\"https:\/\/www.grancampingzarautz.com\/de\/restaurant\/#breadcrumb\",\"itemListElement\":[{\"@type\":\"ListItem\",\"position\":1,\"name\":\"Portada\",\"item\":\"https:\/\/www.grancampingzarautz.com\/de\/\"},{\"@type\":\"ListItem\",\"position\":2,\"name\":\"Restaurant\"}]},{\"@type\":\"WebSite\",\"@id\":\"https:\/\/www.grancampingzarautz.com\/de\/#website\",\"url\":\"https:\/\/www.grancampingzarautz.com\/de\/\",\"name\":\"Gran Camping Zarautz\",\"description\":\"Camping abierto todo el a\u00f1o\",\"publisher\":{\"@id\":\"https:\/\/www.grancampingzarautz.com\/de\/#organization\"},\"potentialAction\":[{\"@type\":\"SearchAction\",\"target\":{\"@type\":\"EntryPoint\",\"urlTemplate\":\"https:\/\/www.grancampingzarautz.com\/de\/?s={search_term_string}\"},\"query-input\":{\"@type\":\"PropertyValueSpecification\",\"valueRequired\":true,\"valueName\":\"search_term_string\"}}],\"inLanguage\":\"de\"},{\"@type\":\"Organization\",\"@id\":\"https:\/\/www.grancampingzarautz.com\/de\/#organization\",\"name\":\"Gran Camping Zarautz\",\"url\":\"https:\/\/www.grancampingzarautz.com\/de\/\",\"logo\":{\"@type\":\"ImageObject\",\"inLanguage\":\"de\",\"@id\":\"https:\/\/www.grancampingzarautz.com\/de\/#\/schema\/logo\/image\/\",\"url\":\"https:\/\/www.grancampingzarautz.com\/wp-content\/uploads\/2024\/07\/logo.svg\",\"contentUrl\":\"https:\/\/www.grancampingzarautz.com\/wp-content\/uploads\/2024\/07\/logo.svg\",\"width\":255,\"height\":246,\"caption\":\"Gran Camping Zarautz\"},\"image\":{\"@id\":\"https:\/\/www.grancampingzarautz.com\/de\/#\/schema\/logo\/image\/\"}}]}<\/script>\n<!-- \/ Yoast SEO plugin. -->","yoast_head_json":{"title":"Restaurant - Gran Camping Zarautz","robots":{"index":"index","follow":"follow","max-snippet":"max-snippet:-1","max-image-preview":"max-image-preview:large","max-video-preview":"max-video-preview:-1"},"canonical":"https:\/\/www.grancampingzarautz.com\/de\/restaurant\/","og_locale":"de_DE","og_type":"article","og_title":"Restaurant - Gran Camping Zarautz","og_description":"RESTAURANTGRAN CAMPING ZARAUTZ RESTAURANTGRAN CAMPING ZARAUTZ Das Bar-Restaurant Asador Gran Camping Zarautz in dem symboltr\u00e4chtigen Ort Zarautz (Gipuzkoa) mit Blick auf die Buchten von Zarautz und Getaria ist einer der wenigen Orte mit den sch\u00f6nsten Sonnenunterg\u00e4ngen der Welt.\u00a0 Unser Restaurant Unser Team besteht aus Menschen, die seit mehr als 20 Jahren in der Gastronomie t\u00e4tig [&hellip;]","og_url":"https:\/\/www.grancampingzarautz.com\/de\/restaurant\/","og_site_name":"Gran Camping Zarautz","article_modified_time":"2025-05-30T08:19:28+00:00","og_image":[{"width":635,"height":647,"url":"https:\/\/www.grancampingzarautz.com\/wp-content\/uploads\/2024\/04\/txotx.jpg","type":"image\/jpeg"}],"twitter_card":"summary_large_image","twitter_misc":{"Gesch\u00e4tzte Lesezeit":"2\u00a0Minuten"},"schema":{"@context":"https:\/\/schema.org","@graph":[{"@type":"WebPage","@id":"https:\/\/www.grancampingzarautz.com\/de\/restaurant\/","url":"https:\/\/www.grancampingzarautz.com\/de\/restaurant\/","name":"Restaurant - Gran Camping Zarautz","isPartOf":{"@id":"https:\/\/www.grancampingzarautz.com\/de\/#website"},"primaryImageOfPage":{"@id":"https:\/\/www.grancampingzarautz.com\/de\/restaurant\/#primaryimage"},"image":{"@id":"https:\/\/www.grancampingzarautz.com\/de\/restaurant\/#primaryimage"},"thumbnailUrl":"https:\/\/www.grancampingzarautz.com\/wp-content\/uploads\/2024\/04\/txotx.jpg","datePublished":"2024-03-27T10:16:16+00:00","dateModified":"2025-05-30T08:19:28+00:00","breadcrumb":{"@id":"https:\/\/www.grancampingzarautz.com\/de\/restaurant\/#breadcrumb"},"inLanguage":"de","potentialAction":[{"@type":"ReadAction","target":["https:\/\/www.grancampingzarautz.com\/de\/restaurant\/"]}]},{"@type":"ImageObject","inLanguage":"de","@id":"https:\/\/www.grancampingzarautz.com\/de\/restaurant\/#primaryimage","url":"https:\/\/www.grancampingzarautz.com\/wp-content\/uploads\/2024\/04\/txotx.jpg","contentUrl":"https:\/\/www.grancampingzarautz.com\/wp-content\/uploads\/2024\/04\/txotx.jpg"},{"@type":"BreadcrumbList","@id":"https:\/\/www.grancampingzarautz.com\/de\/restaurant\/#breadcrumb","itemListElement":[{"@type":"ListItem","position":1,"name":"Portada","item":"https:\/\/www.grancampingzarautz.com\/de\/"},{"@type":"ListItem","position":2,"name":"Restaurant"}]},{"@type":"WebSite","@id":"https:\/\/www.grancampingzarautz.com\/de\/#website","url":"https:\/\/www.grancampingzarautz.com\/de\/","name":"Gran Camping Zarautz","description":"Camping abierto todo el a\u00f1o","publisher":{"@id":"https:\/\/www.grancampingzarautz.com\/de\/#organization"},"potentialAction":[{"@type":"SearchAction","target":{"@type":"EntryPoint","urlTemplate":"https:\/\/www.grancampingzarautz.com\/de\/?s={search_term_string}"},"query-input":{"@type":"PropertyValueSpecification","valueRequired":true,"valueName":"search_term_string"}}],"inLanguage":"de"},{"@type":"Organization","@id":"https:\/\/www.grancampingzarautz.com\/de\/#organization","name":"Gran Camping Zarautz","url":"https:\/\/www.grancampingzarautz.com\/de\/","logo":{"@type":"ImageObject","inLanguage":"de","@id":"https:\/\/www.grancampingzarautz.com\/de\/#\/schema\/logo\/image\/","url":"https:\/\/www.grancampingzarautz.com\/wp-content\/uploads\/2024\/07\/logo.svg","contentUrl":"https:\/\/www.grancampingzarautz.com\/wp-content\/uploads\/2024\/07\/logo.svg","width":255,"height":246,"caption":"Gran Camping Zarautz"},"image":{"@id":"https:\/\/www.grancampingzarautz.com\/de\/#\/schema\/logo\/image\/"}}]}},"_links":{"self":[{"href":"https:\/\/www.grancampingzarautz.com\/de\/wp-json\/wp\/v2\/pages\/11277","targetHints":{"allow":["GET"]}}],"collection":[{"href":"https:\/\/www.grancampingzarautz.com\/de\/wp-json\/wp\/v2\/pages"}],"about":[{"href":"https:\/\/www.grancampingzarautz.com\/de\/wp-json\/wp\/v2\/types\/page"}],"author":[{"embeddable":true,"href":"https:\/\/www.grancampingzarautz.com\/de\/wp-json\/wp\/v2\/users\/1"}],"replies":[{"embeddable":true,"href":"https:\/\/www.grancampingzarautz.com\/de\/wp-json\/wp\/v2\/comments?post=11277"}],"version-history":[{"count":0,"href":"https:\/\/www.grancampingzarautz.com\/de\/wp-json\/wp\/v2\/pages\/11277\/revisions"}],"wp:attachment":[{"href":"https:\/\/www.grancampingzarautz.com\/de\/wp-json\/wp\/v2\/media?parent=11277"}],"curies":[{"name":"wp","href":"https:\/\/api.w.org\/{rel}","templated":true}]}}