{"id":10267,"date":"2024-04-10T16:03:41","date_gmt":"2024-04-10T16:03:41","guid":{"rendered":"https:\/\/www.grancampingzarautz.com\/actividades\/"},"modified":"2024-05-20T17:29:56","modified_gmt":"2024-05-20T17:29:56","slug":"aktivitaeten","status":"publish","type":"page","link":"https:\/\/www.grancampingzarautz.com\/de\/aktivitaeten\/","title":{"rendered":"Aktivit\u00e4ten"},"content":{"rendered":"<h2>GRAN CAMPING ZARAUTZ<br \/>\n<br \/>ACTIVIT\u00c4TEN<\/h2>\n<h2>GRAN CAMPING ZARAUTZ<br \/>\n<br \/>ACTIVIT\u00c4TEN<\/h2>\n<h2>Du suchst die Ruhe kombiniert mit dem Nervenkitzel der Wellen und des Surfens?<\/h2>\n<p>Dann ist der\u00a0<strong>Gran Camping Zarautz<\/strong>\u00a0die richtige Wahl f\u00fcr dich! Eingebettet in einer fantastischen Landschaft, nahe der franz\u00f6sischen Grenze gelegen, sind unsere Einrichtungen mit allen notwendigen Annehmlichkeiten ausgestattet, um dir eine\u00a0<strong>Unterkunft<\/strong>mit dem besten Preis-Leistungs-Verh\u00e4ltnis zu bieten. Denn Kundenzufriedenheit ist unser wichtigstes Ziel.<\/p>\n<h2>Lage<\/h2>\n<p><strong>In der N\u00e4he der franz\u00f6sischen Grenze gelegen<\/strong>, sind wir eine beliebte Anlaufstelle f\u00fcr Pilger auf dem Jakobsweg, denn der K\u00fcstenweg (Camino del Norte) f\u00fchrt an unserem Campingplatz vorbei.<\/p>\n<p>Dadurch sind wir der beste Ausgangspunkt, um sehenswerte St\u00e4dte wie\u00a0<strong>San Sebastian oder Bilbao<\/strong>\u00a0sowie verschiedene K\u00fcstenst\u00e4dte zu besuchen.<\/p>\n<p>Wir bieten auch Transportdienste in die Stadt, Touristeninformationen, Verleih von Surfausr\u00fcstung und Fahrradverleih\u2026 Informiere dich \u00fcber unsere Preise und Bedingungen.<\/p>\n<h2>Unsere Veranstaltungen<\/h2>\n<p>Wir beteiligen uns an\u00a0<strong>Sportveranstaltungen<\/strong>wie Motocross, Cyclocross, Bergrennen, l\u00e4ndlichen Sportarten\u2026 Dar\u00fcber hinaus unterst\u00fctzen wir\u00a0<strong>verschiedene kulturelle<\/strong>\u00a0Veranstaltungen wie\u00a0<em>Oldtimer-Rallyes<\/em>, Modellflugzeug-Aktivit\u00e4ten oder regionale Volksfeste.<\/p>\n<p>Au\u00dferdem sind unsere Stellpl\u00e4tze der perfekte Ausgangspunkt f\u00fcr\u00a0<strong>Surfliebhaber<\/strong>, die die Wellen des ber\u00fchmten Zarautz-Strandes genie\u00dfen wollen. Zudem beherbergen wir auch die Besucher des\u00a0<strong>Filmfestivals von San Sebastian<\/strong>, des Zarautz-Triathlons, des Jazzfestivals, des Radrennens \u201eCl\u00e1sica de San Sebasti\u00e1n\u201c usw.<\/p>\n<h2>Aktivit\u00e4ten in Zarautz<\/h2>\n<p>Wenn du es liebst, neue Gerichte zu verkosten, kannst du bei uns das ganze Jahr \u00fcber das Beste der\u00a0<strong>baskischen K\u00fcche<\/strong>\u00a0probieren: Marmitako (Fischeintopf), Kabeljau in Pil-Pil-So\u00dfe, Baby-Tintenfisch in eigener Tinte, Seehecht in gr\u00fcner So\u00dfe, Gilda (Appetithappen mit Olive und Fisch) und traditionell zubereitete Glasaale sind nur einige der vielen Gerichte und\u00a0<em>Pintxos<\/em>(Appetithappen), die typisch f\u00fcr die Gastronomie im Norden des Landes sind Du wei\u00dft nicht, was du nehmen sollst? Lass dich von unserem Fachpersonal beraten. Du wirst begeistert sein!<\/p>\n<h2>Zarautz und Umgebung<\/h2>\n<p>Zarautz und Umgebung bietet den Besuchern zudem viele Freizeitm\u00f6glichkeiten, die sie w\u00e4hrend ihres Aufenthalts auf unserem Campingplatz genie\u00dfen k\u00f6nnen. F\u00fcr genauere Informationen wende dich bitte an die Mitarbeiter des Gran Zarautz.<\/p>\n<p>Kurz gesagt, auf dem\u00a0<strong>Campingplatz Gran Zarautz<\/strong>\u00a0wirst du eine unvergessliche\u00a0<strong>Zeit verbringen<\/strong>. Nimm Kontakt mit uns auf und wir beantworten alle deine Fragen. W\u00e4hle jetzt die ideale Saison f\u00fcr dich und informiere dich \u00fcber unsere Preise. Wir freuen uns auf dich!<\/p>\n<h2>Werfen wir einen Blick auf die Highlights<\/h2>\n<p>Zarautz und seine Umgebung bieten Ihnen viele Freizeitm\u00f6glichkeiten, mit denen Sie w\u00e4hrend Ihres Aufenthaltes bei uns genieBen k\u00f6nnen.<\/p>\n<h2>Surf<\/h2>\n<p>Individueller Unterricht und Verleih von Ausr\u00fcstung<\/p>\n<ul>\n<li><strong>GOOD PEOPLE SURF:<\/strong>\u00a0943536627 \/ info@goodpeoplesurf.com<\/li>\n<li><strong>AXI MUNIAIN SURF ESKOLA:<\/strong>\u00a0943835648 \/ axisurfschool@gmail.com<\/li>\n<li><strong>MOOR SURF ESKOLA:<\/strong>\u00a0943020894 \/ info@moorsurfeskola.com<\/li>\n<li><strong>PUKAS SURF ESKOLA:<\/strong>\u00a0943835821 \/ zarautz@pukassurfeskola.com<\/li>\n<li><strong>SHELTER SURF by ARITZ ARANBURU<\/strong>: 684457531 \/ info@shelter.surf<\/li>\n<\/ul>\n<h2>SUP<\/h2>\n<p>Durchgef\u00fchrt von Pukas Surf Eskola und C4 SUP Center.<\/p>\n<ul>\n<li><strong>C4 SUP CENTER:<\/strong>\u00a0943104291 \/ info@c4supcenter.com<\/li>\n<li><strong>PUKAS SURF ESKOLA:<\/strong>\u00a0943890636<\/li>\n<\/ul>\n<h2>Unterwasser aktivit\u00e4ten<\/h2>\n<p>Ideal f\u00fcr alle Wassersportler:innen.<\/p>\n<ul>\n<li><strong>ALITAN:<\/strong>\u00a0943132647 \/ alitan-sub@alitan-sub.com<\/li>\n<\/ul>\n<h2>Touristische und kulturelle dienstleistungen<\/h2>\n<p>M\u00f6chten Sie das gesamte Angebot rund um Zarautz kennenlernen? W\u00e4hlen Sie aus vielen Routen und dem besten kulturellen Angebot.<\/p>\n<ul>\n<li><strong>ARAZI.:<\/strong>\u00a0943833641 \/ arazi@arazi-itk.com<\/li>\n<li><strong>KULTURLAN BI S.L.:<\/strong>\u00a0943131418 \/ kulturlanbi@kulturlanbi.com<\/li>\n<\/ul>\n<h2>Paragliding<\/h2>\n<p>Nur f\u00fcr Extremsportler:innen geeignet!<\/p>\n<ul>\n<li><strong>URRUTI SPORT:<\/strong>\u00a0629436866<\/li>\n<li><strong>BIPLAZAS:\u00a0<\/strong>JOSU 678562746<\/li>\n<\/ul>\n<h2>Paintball<\/h2>\n<p>Durchgef\u00fchrt von Lubaki Zarautz.<\/p>\n<ul>\n<li><strong>LUBAKI ZARAUTZ:<\/strong>\u00a0605897018 \/ www.lubakipaintballzarautz.com<\/li>\n<\/ul>\n<h2>Bootsfahrten<\/h2>\n<p>Eine der beliebtesten Aktivit\u00e4ten unserer G\u00e4ste. Herrlicher Ausblick auf Meer und Berge zu jeder Jahreszeit.<\/p>\n<ul>\n<li><strong>GETARI CHARTER:<\/strong>\u00a0600521822<\/li>\n<li><strong>CHARTER PROBANZA ZUMAIA VELERO:<\/strong>\u00a0665 724 870 \/ nautica.floren@probanza.es<\/li>\n<li><strong>BEGI-BISTAN:<\/strong>\u00a0657 794 677 \/ www.begi-bistan.com<\/li>\n<\/ul>\n<h2>Bootsfahrten<\/h2>\n<p>Weinproben sind Ihr Ding? Frag uns.<\/p>\n<ul>\n<li><strong>TALAIBERRI:<\/strong>\u00a0943132750 \/ info@talaiberri.com<\/li>\n<li><strong>REZABAL:<\/strong>\u00a0943580899 \/ info@txakolirezabal.com<\/li>\n<\/ul>\n<h2>Naturschutzpark besichtigungen<\/h2>\n<p>Unsere Empfehlung: Naturpark Pagoeta und Flysch-Route in Zumaia.<\/p>\n<ul>\n<li><strong>PARQUE NATURAL DE PAGOETA<\/strong>\u00a0(Aia)<\/li>\n<li><strong>RUTA DEL FLYSCH<\/strong>\u00a0(Zumaia)<\/li>\n<\/ul>\n<h2>Museen<\/h2>\n<p>Hauptattraktionen: Guggenheim, San Telmo, das Aquarium, Balenciaga \u2026<\/p>\n<ul>\n<li><strong>PHOTOMUSEUM ZARAUTZ:<\/strong>\u00a0943130906 \/ www.photomuseum.name<\/li>\n<li><strong>SANTA MARIA LA REAL:<\/strong>\u00a0www.menosca.com<\/li>\n<li><strong>BALENCIAGA<\/strong>\u00a0( Getaria )<\/li>\n<li><strong>SAN TELMO<\/strong>\u00a0( Donostia\/San Sebasti\u00e1n )<\/li>\n<li><strong>GUGGENHEIM<\/strong>\u00a0( Bilbao )<\/li>\n<li><strong>AQUARIUM<\/strong>\u00a0( Donostia\/San Sebasti\u00e1n )<\/li>\n<\/ul>\n<h2>Zarautz fremdemverkehrsb\u00fcro<\/h2>\n<p>943 83 09 90 \/ turismoa@zarautz.org<\/p>\n<h2>Touristische auskunft<\/h2>\n<ul>\n<li>www.gipuzkoaturismoa.eus<\/li>\n<li>www.turismozarautz.eus<\/li>\n<\/ul>\n","protected":false},"excerpt":{"rendered":"<p>GRAN CAMPING ZARAUTZ ACTIVIT\u00c4TEN GRAN CAMPING ZARAUTZ ACTIVIT\u00c4TEN Du suchst die Ruhe kombiniert mit dem Nervenkitzel der Wellen und des Surfens? Dann ist der\u00a0Gran Camping Zarautz\u00a0die richtige Wahl f\u00fcr dich! Eingebettet in einer fantastischen Landschaft, nahe der franz\u00f6sischen Grenze gelegen, sind unsere Einrichtungen mit allen notwendigen Annehmlichkeiten ausgestattet, um dir eine\u00a0Unterkunftmit dem besten Preis-Leistungs-Verh\u00e4ltnis zu [&hellip;]<\/p>\n","protected":false},"author":1,"featured_media":0,"parent":0,"menu_order":0,"comment_status":"closed","ping_status":"closed","template":"elementor_header_footer","meta":{"footnotes":""},"class_list":["post-10267","page","type-page","status-publish","hentry"],"yoast_head":"<!-- This site is optimized with the Yoast SEO plugin v25.9 - https:\/\/yoast.com\/wordpress\/plugins\/seo\/ -->\n<title>Aktivit\u00e4ten - Gran Camping Zarautz<\/title>\n<meta name=\"robots\" content=\"index, follow, max-snippet:-1, max-image-preview:large, max-video-preview:-1\" \/>\n<link rel=\"canonical\" href=\"https:\/\/www.grancampingzarautz.com\/de\/aktivitaeten\/\" \/>\n<meta property=\"og:locale\" content=\"de_DE\" \/>\n<meta property=\"og:type\" content=\"article\" \/>\n<meta property=\"og:title\" content=\"Aktivit\u00e4ten - Gran Camping Zarautz\" \/>\n<meta property=\"og:description\" content=\"GRAN CAMPING ZARAUTZ ACTIVIT\u00c4TEN GRAN CAMPING ZARAUTZ ACTIVIT\u00c4TEN Du suchst die Ruhe kombiniert mit dem Nervenkitzel der Wellen und des Surfens? Dann ist der\u00a0Gran Camping Zarautz\u00a0die richtige Wahl f\u00fcr dich! Eingebettet in einer fantastischen Landschaft, nahe der franz\u00f6sischen Grenze gelegen, sind unsere Einrichtungen mit allen notwendigen Annehmlichkeiten ausgestattet, um dir eine\u00a0Unterkunftmit dem besten Preis-Leistungs-Verh\u00e4ltnis zu [&hellip;]\" \/>\n<meta property=\"og:url\" content=\"https:\/\/www.grancampingzarautz.com\/de\/aktivitaeten\/\" \/>\n<meta property=\"og:site_name\" content=\"Gran Camping Zarautz\" \/>\n<meta property=\"article:modified_time\" content=\"2024-05-20T17:29:56+00:00\" \/>\n<meta name=\"twitter:card\" content=\"summary_large_image\" \/>\n<meta name=\"twitter:label1\" content=\"Gesch\u00e4tzte Lesezeit\" \/>\n\t<meta name=\"twitter:data1\" content=\"4\u00a0Minuten\" \/>\n<script type=\"application\/ld+json\" class=\"yoast-schema-graph\">{\"@context\":\"https:\/\/schema.org\",\"@graph\":[{\"@type\":\"WebPage\",\"@id\":\"https:\/\/www.grancampingzarautz.com\/de\/aktivitaeten\/\",\"url\":\"https:\/\/www.grancampingzarautz.com\/de\/aktivitaeten\/\",\"name\":\"Aktivit\u00e4ten - Gran Camping Zarautz\",\"isPartOf\":{\"@id\":\"https:\/\/www.grancampingzarautz.com\/de\/#website\"},\"datePublished\":\"2024-04-10T16:03:41+00:00\",\"dateModified\":\"2024-05-20T17:29:56+00:00\",\"breadcrumb\":{\"@id\":\"https:\/\/www.grancampingzarautz.com\/de\/aktivitaeten\/#breadcrumb\"},\"inLanguage\":\"de\",\"potentialAction\":[{\"@type\":\"ReadAction\",\"target\":[\"https:\/\/www.grancampingzarautz.com\/de\/aktivitaeten\/\"]}]},{\"@type\":\"BreadcrumbList\",\"@id\":\"https:\/\/www.grancampingzarautz.com\/de\/aktivitaeten\/#breadcrumb\",\"itemListElement\":[{\"@type\":\"ListItem\",\"position\":1,\"name\":\"Portada\",\"item\":\"https:\/\/www.grancampingzarautz.com\/de\/\"},{\"@type\":\"ListItem\",\"position\":2,\"name\":\"Aktivit\u00e4ten\"}]},{\"@type\":\"WebSite\",\"@id\":\"https:\/\/www.grancampingzarautz.com\/de\/#website\",\"url\":\"https:\/\/www.grancampingzarautz.com\/de\/\",\"name\":\"Gran Camping Zarautz\",\"description\":\"Camping abierto todo el a\u00f1o\",\"publisher\":{\"@id\":\"https:\/\/www.grancampingzarautz.com\/de\/#organization\"},\"potentialAction\":[{\"@type\":\"SearchAction\",\"target\":{\"@type\":\"EntryPoint\",\"urlTemplate\":\"https:\/\/www.grancampingzarautz.com\/de\/?s={search_term_string}\"},\"query-input\":{\"@type\":\"PropertyValueSpecification\",\"valueRequired\":true,\"valueName\":\"search_term_string\"}}],\"inLanguage\":\"de\"},{\"@type\":\"Organization\",\"@id\":\"https:\/\/www.grancampingzarautz.com\/de\/#organization\",\"name\":\"Gran Camping Zarautz\",\"url\":\"https:\/\/www.grancampingzarautz.com\/de\/\",\"logo\":{\"@type\":\"ImageObject\",\"inLanguage\":\"de\",\"@id\":\"https:\/\/www.grancampingzarautz.com\/de\/#\/schema\/logo\/image\/\",\"url\":\"https:\/\/www.grancampingzarautz.com\/wp-content\/uploads\/2024\/07\/logo.svg\",\"contentUrl\":\"https:\/\/www.grancampingzarautz.com\/wp-content\/uploads\/2024\/07\/logo.svg\",\"width\":255,\"height\":246,\"caption\":\"Gran Camping Zarautz\"},\"image\":{\"@id\":\"https:\/\/www.grancampingzarautz.com\/de\/#\/schema\/logo\/image\/\"}}]}<\/script>\n<!-- \/ Yoast SEO plugin. -->","yoast_head_json":{"title":"Aktivit\u00e4ten - Gran Camping Zarautz","robots":{"index":"index","follow":"follow","max-snippet":"max-snippet:-1","max-image-preview":"max-image-preview:large","max-video-preview":"max-video-preview:-1"},"canonical":"https:\/\/www.grancampingzarautz.com\/de\/aktivitaeten\/","og_locale":"de_DE","og_type":"article","og_title":"Aktivit\u00e4ten - Gran Camping Zarautz","og_description":"GRAN CAMPING ZARAUTZ ACTIVIT\u00c4TEN GRAN CAMPING ZARAUTZ ACTIVIT\u00c4TEN Du suchst die Ruhe kombiniert mit dem Nervenkitzel der Wellen und des Surfens? Dann ist der\u00a0Gran Camping Zarautz\u00a0die richtige Wahl f\u00fcr dich! Eingebettet in einer fantastischen Landschaft, nahe der franz\u00f6sischen Grenze gelegen, sind unsere Einrichtungen mit allen notwendigen Annehmlichkeiten ausgestattet, um dir eine\u00a0Unterkunftmit dem besten Preis-Leistungs-Verh\u00e4ltnis zu [&hellip;]","og_url":"https:\/\/www.grancampingzarautz.com\/de\/aktivitaeten\/","og_site_name":"Gran Camping Zarautz","article_modified_time":"2024-05-20T17:29:56+00:00","twitter_card":"summary_large_image","twitter_misc":{"Gesch\u00e4tzte Lesezeit":"4\u00a0Minuten"},"schema":{"@context":"https:\/\/schema.org","@graph":[{"@type":"WebPage","@id":"https:\/\/www.grancampingzarautz.com\/de\/aktivitaeten\/","url":"https:\/\/www.grancampingzarautz.com\/de\/aktivitaeten\/","name":"Aktivit\u00e4ten - Gran Camping Zarautz","isPartOf":{"@id":"https:\/\/www.grancampingzarautz.com\/de\/#website"},"datePublished":"2024-04-10T16:03:41+00:00","dateModified":"2024-05-20T17:29:56+00:00","breadcrumb":{"@id":"https:\/\/www.grancampingzarautz.com\/de\/aktivitaeten\/#breadcrumb"},"inLanguage":"de","potentialAction":[{"@type":"ReadAction","target":["https:\/\/www.grancampingzarautz.com\/de\/aktivitaeten\/"]}]},{"@type":"BreadcrumbList","@id":"https:\/\/www.grancampingzarautz.com\/de\/aktivitaeten\/#breadcrumb","itemListElement":[{"@type":"ListItem","position":1,"name":"Portada","item":"https:\/\/www.grancampingzarautz.com\/de\/"},{"@type":"ListItem","position":2,"name":"Aktivit\u00e4ten"}]},{"@type":"WebSite","@id":"https:\/\/www.grancampingzarautz.com\/de\/#website","url":"https:\/\/www.grancampingzarautz.com\/de\/","name":"Gran Camping Zarautz","description":"Camping abierto todo el a\u00f1o","publisher":{"@id":"https:\/\/www.grancampingzarautz.com\/de\/#organization"},"potentialAction":[{"@type":"SearchAction","target":{"@type":"EntryPoint","urlTemplate":"https:\/\/www.grancampingzarautz.com\/de\/?s={search_term_string}"},"query-input":{"@type":"PropertyValueSpecification","valueRequired":true,"valueName":"search_term_string"}}],"inLanguage":"de"},{"@type":"Organization","@id":"https:\/\/www.grancampingzarautz.com\/de\/#organization","name":"Gran Camping Zarautz","url":"https:\/\/www.grancampingzarautz.com\/de\/","logo":{"@type":"ImageObject","inLanguage":"de","@id":"https:\/\/www.grancampingzarautz.com\/de\/#\/schema\/logo\/image\/","url":"https:\/\/www.grancampingzarautz.com\/wp-content\/uploads\/2024\/07\/logo.svg","contentUrl":"https:\/\/www.grancampingzarautz.com\/wp-content\/uploads\/2024\/07\/logo.svg","width":255,"height":246,"caption":"Gran Camping Zarautz"},"image":{"@id":"https:\/\/www.grancampingzarautz.com\/de\/#\/schema\/logo\/image\/"}}]}},"_links":{"self":[{"href":"https:\/\/www.grancampingzarautz.com\/de\/wp-json\/wp\/v2\/pages\/10267","targetHints":{"allow":["GET"]}}],"collection":[{"href":"https:\/\/www.grancampingzarautz.com\/de\/wp-json\/wp\/v2\/pages"}],"about":[{"href":"https:\/\/www.grancampingzarautz.com\/de\/wp-json\/wp\/v2\/types\/page"}],"author":[{"embeddable":true,"href":"https:\/\/www.grancampingzarautz.com\/de\/wp-json\/wp\/v2\/users\/1"}],"replies":[{"embeddable":true,"href":"https:\/\/www.grancampingzarautz.com\/de\/wp-json\/wp\/v2\/comments?post=10267"}],"version-history":[{"count":0,"href":"https:\/\/www.grancampingzarautz.com\/de\/wp-json\/wp\/v2\/pages\/10267\/revisions"}],"wp:attachment":[{"href":"https:\/\/www.grancampingzarautz.com\/de\/wp-json\/wp\/v2\/media?parent=10267"}],"curies":[{"name":"wp","href":"https:\/\/api.w.org\/{rel}","templated":true}]}}